{"id":29349,"date":"2023-11-08T13:06:29","date_gmt":"2023-11-08T11:06:29","guid":{"rendered":"https:\/\/kuldan.ee\/?post_type=product&#038;p=29349"},"modified":"2024-01-02T11:15:05","modified_gmt":"2024-01-02T09:15:05","slug":"rubiin-ja-briljantsormus-8","status":"publish","type":"product","link":"https:\/\/kuldan.ee\/ru\/product\/rubiin-ja-briljantsormus-8\/","title":{"rendered":"Rubiin- ja briljants\u00f5rmus"},"content":{"rendered":"<p data-sourcepos=\"3:1-3:197\">Kuldani uusim kollektsioon pakub esmaklassiliste v\u00e4\u00e4riskividega, sealhulgas briljantide, smaragdide, safiiride ja rubiinidega hooaja v\u00e4rskeimaid mudeleid igale maitsele nii valges kullas kui roosas kullas. Leia endale sobiv ehe Kuldani kauplustest Viru Keskuses, \u00dclemiste Keskuses v\u00f5i telli siit samast enda koduuksest sisse.<\/p>","protected":false},"excerpt":{"rendered":"<p>\u041c\u0435\u0442\u0430\u043b\u043b: \u0411\u0435\u043b\u043e\u0435 \u0437\u043e\u043b\u043e\u0442\u043e 585 \u043f\u0440\u043e\u0431\u044b<\/p>\n<p>\u0420\u0430\u0437\u043c\u0435\u0440 \u0442\u043e\u0432\u0430\u0440\u0430: 16.25<\/p>\n<p>\u0412\u0435\u0441 \u043f\u0440\u043e\u0434\u0443\u043a\u0442\u0430: 1,38 \u0433\u0440<\/p>\n<p>Kivide info: Briljandid G\/VVS 5-0,1 ct<\/p>\n<p>Rubiinid 4-0,7 ct<\/p>\n<p>Viru<\/p>","protected":false},"featured_media":29229,"template":"","meta":[],"product_brand":[],"product_cat":[664,617,580,574,675],"product_tag":[],"class_list":{"0":"post-29349","1":"product","2":"type-product","3":"status-publish","4":"has-post-thumbnail","6":"product_cat-briljandid-5","7":"product_cat-rubiinid","8":"product_cat-sormused","9":"product_cat-vaariskividega","10":"product_cat-valge-kuld-2","11":"pa_suurus-52-2","12":"pa_vaariskivid-briljandid","13":"pa_vaariskivid-rubiinid","15":"first","16":"onbackorder","17":"taxable","18":"shipping-taxable","19":"purchasable","20":"product-type-simple"},"yoast_head":"<!-- This site is optimized with the Yoast SEO plugin v27.3 - https:\/\/yoast.com\/product\/yoast-seo-wordpress\/ -->\n<title>Rubiin- ja briljants\u00f5rmus - Kuldan<\/title>\n<meta name=\"description\" content=\"Kuldani uusim kollektsioon pakub esmaklassiliste v\u00e4\u00e4riskividega, sealhulgas briljantide, smaragdide, safiiride ja rubiinidega hooaja v\u00e4rskeimaid mudeleid igale maitsele nii valges kullas kui roosas kullas. Leia endale sobiv ehe Kuldani kauplustest Viru Keskuses, \u00dclemiste Keskuses v\u00f5i telli siit samast enda koduuksest sisse.\" \/>\n<meta name=\"robots\" content=\"index, follow, max-snippet:-1, max-image-preview:large, max-video-preview:-1\" \/>\n<link rel=\"canonical\" href=\"https:\/\/kuldan.ee\/ru\/product\/rubiin-ja-briljantsormus-8\/\" \/>\n<meta property=\"og:locale\" content=\"ru_RU\" \/>\n<meta property=\"og:type\" content=\"article\" \/>\n<meta property=\"og:title\" content=\"Rubiin- ja briljants\u00f5rmus - Kuldan\" \/>\n<meta property=\"og:description\" content=\"Kuldani uusim kollektsioon pakub esmaklassiliste v\u00e4\u00e4riskividega, sealhulgas briljantide, smaragdide, safiiride ja rubiinidega hooaja v\u00e4rskeimaid mudeleid igale maitsele nii valges kullas kui roosas kullas. Leia endale sobiv ehe Kuldani kauplustest Viru Keskuses, \u00dclemiste Keskuses v\u00f5i telli siit samast enda koduuksest sisse.\" \/>\n<meta property=\"og:url\" content=\"https:\/\/kuldan.ee\/ru\/product\/rubiin-ja-briljantsormus-8\/\" \/>\n<meta property=\"og:site_name\" content=\"Kuldan\" \/>\n<meta property=\"article:publisher\" content=\"https:\/\/www.facebook.com\/kuldanluxury\" \/>\n<meta property=\"article:modified_time\" content=\"2024-01-02T09:15:05+00:00\" \/>\n<meta property=\"og:image\" content=\"https:\/\/kuldan.ee\/wp-content\/uploads\/2023\/10\/IMG_6127.jpg\" \/>\n\t<meta property=\"og:image:width\" content=\"2400\" \/>\n\t<meta property=\"og:image:height\" content=\"2400\" \/>\n\t<meta property=\"og:image:type\" content=\"image\/jpeg\" \/>\n<meta name=\"twitter:card\" content=\"summary_large_image\" \/>\n<meta name=\"twitter:label1\" content=\"\u041f\u0440\u0438\u043c\u0435\u0440\u043d\u043e\u0435 \u0432\u0440\u0435\u043c\u044f \u0434\u043b\u044f \u0447\u0442\u0435\u043d\u0438\u044f\" \/>\n\t<meta name=\"twitter:data1\" content=\"1 \u043c\u0438\u043d\u0443\u0442\u0430\" \/>\n<script type=\"application\/ld+json\" class=\"yoast-schema-graph\">{\"@context\":\"https:\\\/\\\/schema.org\",\"@graph\":[{\"@type\":\"WebPage\",\"@id\":\"https:\\\/\\\/kuldan.ee\\\/product\\\/rubiin-ja-briljantsormus-8\\\/\",\"url\":\"https:\\\/\\\/kuldan.ee\\\/product\\\/rubiin-ja-briljantsormus-8\\\/\",\"name\":\"Rubiin- ja briljants\u00f5rmus - Kuldan\",\"isPartOf\":{\"@id\":\"https:\\\/\\\/kuldan.ee\\\/#website\"},\"primaryImageOfPage\":{\"@id\":\"https:\\\/\\\/kuldan.ee\\\/product\\\/rubiin-ja-briljantsormus-8\\\/#primaryimage\"},\"image\":{\"@id\":\"https:\\\/\\\/kuldan.ee\\\/product\\\/rubiin-ja-briljantsormus-8\\\/#primaryimage\"},\"thumbnailUrl\":\"https:\\\/\\\/kuldan.ee\\\/wp-content\\\/uploads\\\/2023\\\/10\\\/IMG_6127.jpg\",\"datePublished\":\"2023-11-08T11:06:29+00:00\",\"dateModified\":\"2024-01-02T09:15:05+00:00\",\"description\":\"Kuldani uusim kollektsioon pakub esmaklassiliste v\u00e4\u00e4riskividega, sealhulgas briljantide, smaragdide, safiiride ja rubiinidega hooaja v\u00e4rskeimaid mudeleid igale maitsele nii valges kullas kui roosas kullas. Leia endale sobiv ehe Kuldani kauplustest Viru Keskuses, \u00dclemiste Keskuses v\u00f5i telli siit samast enda koduuksest sisse.\",\"breadcrumb\":{\"@id\":\"https:\\\/\\\/kuldan.ee\\\/product\\\/rubiin-ja-briljantsormus-8\\\/#breadcrumb\"},\"inLanguage\":\"ru-RU\",\"potentialAction\":[{\"@type\":\"ReadAction\",\"target\":[\"https:\\\/\\\/kuldan.ee\\\/product\\\/rubiin-ja-briljantsormus-8\\\/\"]}]},{\"@type\":\"ImageObject\",\"inLanguage\":\"ru-RU\",\"@id\":\"https:\\\/\\\/kuldan.ee\\\/product\\\/rubiin-ja-briljantsormus-8\\\/#primaryimage\",\"url\":\"https:\\\/\\\/kuldan.ee\\\/wp-content\\\/uploads\\\/2023\\\/10\\\/IMG_6127.jpg\",\"contentUrl\":\"https:\\\/\\\/kuldan.ee\\\/wp-content\\\/uploads\\\/2023\\\/10\\\/IMG_6127.jpg\",\"width\":2400,\"height\":2400},{\"@type\":\"BreadcrumbList\",\"@id\":\"https:\\\/\\\/kuldan.ee\\\/product\\\/rubiin-ja-briljantsormus-8\\\/#breadcrumb\",\"itemListElement\":[{\"@type\":\"ListItem\",\"position\":1,\"name\":\"Home\",\"item\":\"https:\\\/\\\/kuldan.ee\\\/\"},{\"@type\":\"ListItem\",\"position\":2,\"name\":\"Pood\",\"item\":\"https:\\\/\\\/kuldan.ee\\\/pood\\\/\"},{\"@type\":\"ListItem\",\"position\":3,\"name\":\"Rubiin- ja briljants\u00f5rmus\"}]},{\"@type\":\"WebSite\",\"@id\":\"https:\\\/\\\/kuldan.ee\\\/#website\",\"url\":\"https:\\\/\\\/kuldan.ee\\\/\",\"name\":\"Kuldan\",\"description\":\"Parimad teemantid parimate hindadega\",\"publisher\":{\"@id\":\"https:\\\/\\\/kuldan.ee\\\/#organization\"},\"potentialAction\":[{\"@type\":\"SearchAction\",\"target\":{\"@type\":\"EntryPoint\",\"urlTemplate\":\"https:\\\/\\\/kuldan.ee\\\/?s={search_term_string}\"},\"query-input\":{\"@type\":\"PropertyValueSpecification\",\"valueRequired\":true,\"valueName\":\"search_term_string\"}}],\"inLanguage\":\"ru-RU\"},{\"@type\":\"Organization\",\"@id\":\"https:\\\/\\\/kuldan.ee\\\/#organization\",\"name\":\"Kuldan\",\"url\":\"https:\\\/\\\/kuldan.ee\\\/\",\"logo\":{\"@type\":\"ImageObject\",\"inLanguage\":\"ru-RU\",\"@id\":\"https:\\\/\\\/kuldan.ee\\\/#\\\/schema\\\/logo\\\/image\\\/\",\"url\":\"https:\\\/\\\/kuldan.ee\\\/wp-content\\\/uploads\\\/2023\\\/09\\\/kuldan_logo.png\",\"contentUrl\":\"https:\\\/\\\/kuldan.ee\\\/wp-content\\\/uploads\\\/2023\\\/09\\\/kuldan_logo.png\",\"width\":842,\"height\":595,\"caption\":\"Kuldan\"},\"image\":{\"@id\":\"https:\\\/\\\/kuldan.ee\\\/#\\\/schema\\\/logo\\\/image\\\/\"},\"sameAs\":[\"https:\\\/\\\/www.facebook.com\\\/kuldanluxury\",\"https:\\\/\\\/www.instagram.com\\\/kuldan_jewelry\\\/\"]}]}<\/script>\n<!-- \/ Yoast SEO plugin. -->","yoast_head_json":{"title":"Rubiin- ja briljants\u00f5rmus - Kuldan","description":"Kuldani uusim kollektsioon pakub esmaklassiliste v\u00e4\u00e4riskividega, sealhulgas briljantide, smaragdide, safiiride ja rubiinidega hooaja v\u00e4rskeimaid mudeleid igale maitsele nii valges kullas kui roosas kullas. Leia endale sobiv ehe Kuldani kauplustest Viru Keskuses, \u00dclemiste Keskuses v\u00f5i telli siit samast enda koduuksest sisse.","robots":{"index":"index","follow":"follow","max-snippet":"max-snippet:-1","max-image-preview":"max-image-preview:large","max-video-preview":"max-video-preview:-1"},"canonical":"https:\/\/kuldan.ee\/ru\/product\/rubiin-ja-briljantsormus-8\/","og_locale":"ru_RU","og_type":"article","og_title":"Rubiin- ja briljants\u00f5rmus - Kuldan","og_description":"Kuldani uusim kollektsioon pakub esmaklassiliste v\u00e4\u00e4riskividega, sealhulgas briljantide, smaragdide, safiiride ja rubiinidega hooaja v\u00e4rskeimaid mudeleid igale maitsele nii valges kullas kui roosas kullas. Leia endale sobiv ehe Kuldani kauplustest Viru Keskuses, \u00dclemiste Keskuses v\u00f5i telli siit samast enda koduuksest sisse.","og_url":"https:\/\/kuldan.ee\/ru\/product\/rubiin-ja-briljantsormus-8\/","og_site_name":"Kuldan","article_publisher":"https:\/\/www.facebook.com\/kuldanluxury","article_modified_time":"2024-01-02T09:15:05+00:00","og_image":[{"width":2400,"height":2400,"url":"https:\/\/kuldan.ee\/wp-content\/uploads\/2023\/10\/IMG_6127.jpg","type":"image\/jpeg"}],"twitter_card":"summary_large_image","twitter_misc":{"\u041f\u0440\u0438\u043c\u0435\u0440\u043d\u043e\u0435 \u0432\u0440\u0435\u043c\u044f \u0434\u043b\u044f \u0447\u0442\u0435\u043d\u0438\u044f":"1 \u043c\u0438\u043d\u0443\u0442\u0430"},"schema":{"@context":"https:\/\/schema.org","@graph":[{"@type":"WebPage","@id":"https:\/\/kuldan.ee\/product\/rubiin-ja-briljantsormus-8\/","url":"https:\/\/kuldan.ee\/product\/rubiin-ja-briljantsormus-8\/","name":"Rubiin- ja briljants\u00f5rmus - Kuldan","isPartOf":{"@id":"https:\/\/kuldan.ee\/#website"},"primaryImageOfPage":{"@id":"https:\/\/kuldan.ee\/product\/rubiin-ja-briljantsormus-8\/#primaryimage"},"image":{"@id":"https:\/\/kuldan.ee\/product\/rubiin-ja-briljantsormus-8\/#primaryimage"},"thumbnailUrl":"https:\/\/kuldan.ee\/wp-content\/uploads\/2023\/10\/IMG_6127.jpg","datePublished":"2023-11-08T11:06:29+00:00","dateModified":"2024-01-02T09:15:05+00:00","description":"Kuldani uusim kollektsioon pakub esmaklassiliste v\u00e4\u00e4riskividega, sealhulgas briljantide, smaragdide, safiiride ja rubiinidega hooaja v\u00e4rskeimaid mudeleid igale maitsele nii valges kullas kui roosas kullas. Leia endale sobiv ehe Kuldani kauplustest Viru Keskuses, \u00dclemiste Keskuses v\u00f5i telli siit samast enda koduuksest sisse.","breadcrumb":{"@id":"https:\/\/kuldan.ee\/product\/rubiin-ja-briljantsormus-8\/#breadcrumb"},"inLanguage":"ru-RU","potentialAction":[{"@type":"ReadAction","target":["https:\/\/kuldan.ee\/product\/rubiin-ja-briljantsormus-8\/"]}]},{"@type":"ImageObject","inLanguage":"ru-RU","@id":"https:\/\/kuldan.ee\/product\/rubiin-ja-briljantsormus-8\/#primaryimage","url":"https:\/\/kuldan.ee\/wp-content\/uploads\/2023\/10\/IMG_6127.jpg","contentUrl":"https:\/\/kuldan.ee\/wp-content\/uploads\/2023\/10\/IMG_6127.jpg","width":2400,"height":2400},{"@type":"BreadcrumbList","@id":"https:\/\/kuldan.ee\/product\/rubiin-ja-briljantsormus-8\/#breadcrumb","itemListElement":[{"@type":"ListItem","position":1,"name":"Home","item":"https:\/\/kuldan.ee\/"},{"@type":"ListItem","position":2,"name":"Pood","item":"https:\/\/kuldan.ee\/pood\/"},{"@type":"ListItem","position":3,"name":"Rubiin- ja briljants\u00f5rmus"}]},{"@type":"WebSite","@id":"https:\/\/kuldan.ee\/#website","url":"https:\/\/kuldan.ee\/","name":"Kuldan","description":"Parimad teemantid parimate hindadega","publisher":{"@id":"https:\/\/kuldan.ee\/#organization"},"potentialAction":[{"@type":"SearchAction","target":{"@type":"EntryPoint","urlTemplate":"https:\/\/kuldan.ee\/?s={search_term_string}"},"query-input":{"@type":"PropertyValueSpecification","valueRequired":true,"valueName":"search_term_string"}}],"inLanguage":"ru-RU"},{"@type":"Organization","@id":"https:\/\/kuldan.ee\/#organization","name":"Kuldan","url":"https:\/\/kuldan.ee\/","logo":{"@type":"ImageObject","inLanguage":"ru-RU","@id":"https:\/\/kuldan.ee\/#\/schema\/logo\/image\/","url":"https:\/\/kuldan.ee\/wp-content\/uploads\/2023\/09\/kuldan_logo.png","contentUrl":"https:\/\/kuldan.ee\/wp-content\/uploads\/2023\/09\/kuldan_logo.png","width":842,"height":595,"caption":"Kuldan"},"image":{"@id":"https:\/\/kuldan.ee\/#\/schema\/logo\/image\/"},"sameAs":["https:\/\/www.facebook.com\/kuldanluxury","https:\/\/www.instagram.com\/kuldan_jewelry\/"]}]}},"_links":{"self":[{"href":"https:\/\/kuldan.ee\/ru\/wp-json\/wp\/v2\/product\/29349","targetHints":{"allow":["GET"]}}],"collection":[{"href":"https:\/\/kuldan.ee\/ru\/wp-json\/wp\/v2\/product"}],"about":[{"href":"https:\/\/kuldan.ee\/ru\/wp-json\/wp\/v2\/types\/product"}],"wp:featuredmedia":[{"embeddable":true,"href":"https:\/\/kuldan.ee\/ru\/wp-json\/wp\/v2\/media\/29229"}],"wp:attachment":[{"href":"https:\/\/kuldan.ee\/ru\/wp-json\/wp\/v2\/media?parent=29349"}],"wp:term":[{"taxonomy":"product_brand","embeddable":true,"href":"https:\/\/kuldan.ee\/ru\/wp-json\/wp\/v2\/product_brand?post=29349"},{"taxonomy":"product_cat","embeddable":true,"href":"https:\/\/kuldan.ee\/ru\/wp-json\/wp\/v2\/product_cat?post=29349"},{"taxonomy":"product_tag","embeddable":true,"href":"https:\/\/kuldan.ee\/ru\/wp-json\/wp\/v2\/product_tag?post=29349"}],"curies":[{"name":"wp","href":"https:\/\/api.w.org\/{rel}","templated":true}]}}