{"id":29279,"date":"2023-10-25T12:18:43","date_gmt":"2023-10-25T09:18:43","guid":{"rendered":"https:\/\/kuldan.ee\/?post_type=product&#038;p=29279"},"modified":"2023-11-08T12:47:58","modified_gmt":"2023-11-08T10:47:58","slug":"smaragd-ja-briljantsormus-2","status":"publish","type":"product","link":"https:\/\/kuldan.ee\/ru\/product\/smaragd-ja-briljantsormus-2\/","title":{"rendered":"Smaragd- ja briljants\u00f5rmus"},"content":{"rendered":"<p>&nbsp;<\/p>\n<p data-sourcepos=\"3:1-3:197\">Kuldani uusim kollektsioon pakub esmaklassiliste v\u00e4\u00e4riskividega, sealhulgas briljantide, smaragdide, safiiride ja rubiinidega. Hooaja v\u00e4rskemaid mudelid igale maitsele nii valges kullas kui roosas kullas. Leia endale sobiv ehe Kuldani kauplustest Viru Keskuses, \u00dclemiste Keskuses v\u00f5i telli siit samast enda koduuksest sisse.<\/p>","protected":false},"excerpt":{"rendered":"<p>&nbsp;<\/p>\n<p>Metall: Roosakuld 585<\/p>\n<p>\u0420\u0430\u0437\u043c\u0435\u0440 \u0442\u043e\u0432\u0430\u0440\u0430: 18<\/p>\n<p>\u0412\u0435\u0441 \u0438\u0437\u0434\u0435\u043b\u0438\u044f: 3,25 \u0433<\/p>\n<p>Kivide info: Briljandid G\/VVS 38-0,12 ct<\/p>\n<p>Smaragdid 7-1,09 ct<\/p>\n<p>Viru ja \u00dclemiste<\/p>","protected":false},"featured_media":29219,"template":"","meta":[],"product_brand":[],"product_cat":[664,674,614,580],"product_tag":[],"class_list":{"0":"post-29279","1":"product","2":"type-product","3":"status-publish","4":"has-post-thumbnail","6":"product_cat-briljandid-5","7":"product_cat-rose-gold","8":"product_cat-smaragdid","9":"product_cat-sormused","10":"pa_suurus-59-2","11":"pa_vaariskivid-briljandid","12":"pa_vaariskivid-emeralds-2","14":"first","15":"instock","16":"taxable","17":"shipping-taxable","18":"purchasable","19":"product-type-simple"},"yoast_head":"<!-- This site is optimized with the Yoast SEO plugin v27.4 - https:\/\/yoast.com\/product\/yoast-seo-wordpress\/ -->\n<title>Smaragd- ja briljants\u00f5rmus - Kuldan<\/title>\n<meta name=\"description\" content=\"Kuldani uusim kollektsioon pakub esmaklassiliste v\u00e4\u00e4riskividega, sealhulgas briljantide, smaragdide, safiiride ja rubiinidega. Hooaja v\u00e4rskemaid mudelid igale maitsele nii valges kullas kui roosas kullas. Leia endale sobiv ehe Kuldani kauplustest Viru Keskuses v\u00f5i \u00dclemiste Keskuses.\" \/>\n<meta name=\"robots\" content=\"index, follow, max-snippet:-1, max-image-preview:large, max-video-preview:-1\" \/>\n<link rel=\"canonical\" href=\"https:\/\/kuldan.ee\/ru\/product\/smaragd-ja-briljantsormus-2\/\" \/>\n<meta property=\"og:locale\" content=\"ru_RU\" \/>\n<meta property=\"og:type\" content=\"article\" \/>\n<meta property=\"og:title\" content=\"Smaragd- ja briljants\u00f5rmus - Kuldan\" \/>\n<meta property=\"og:description\" content=\"Kuldani uusim kollektsioon pakub esmaklassiliste v\u00e4\u00e4riskividega, sealhulgas briljantide, smaragdide, safiiride ja rubiinidega. Hooaja v\u00e4rskemaid mudelid igale maitsele nii valges kullas kui roosas kullas. Leia endale sobiv ehe Kuldani kauplustest Viru Keskuses v\u00f5i \u00dclemiste Keskuses.\" \/>\n<meta property=\"og:url\" content=\"https:\/\/kuldan.ee\/ru\/product\/smaragd-ja-briljantsormus-2\/\" \/>\n<meta property=\"og:site_name\" content=\"Kuldan\" \/>\n<meta property=\"article:publisher\" content=\"https:\/\/www.facebook.com\/kuldanluxury\" \/>\n<meta property=\"article:modified_time\" content=\"2023-11-08T10:47:58+00:00\" \/>\n<meta property=\"og:image\" content=\"https:\/\/kuldan.ee\/wp-content\/uploads\/2023\/10\/IMG_6047.jpg\" \/>\n\t<meta property=\"og:image:width\" content=\"2400\" \/>\n\t<meta property=\"og:image:height\" content=\"2400\" \/>\n\t<meta property=\"og:image:type\" content=\"image\/jpeg\" \/>\n<meta name=\"twitter:card\" content=\"summary_large_image\" \/>\n<meta name=\"twitter:label1\" content=\"\u041f\u0440\u0438\u043c\u0435\u0440\u043d\u043e\u0435 \u0432\u0440\u0435\u043c\u044f \u0434\u043b\u044f \u0447\u0442\u0435\u043d\u0438\u044f\" \/>\n\t<meta name=\"twitter:data1\" content=\"1 \u043c\u0438\u043d\u0443\u0442\u0430\" \/>\n<script type=\"application\/ld+json\" class=\"yoast-schema-graph\">{\"@context\":\"https:\\\/\\\/schema.org\",\"@graph\":[{\"@type\":\"WebPage\",\"@id\":\"https:\\\/\\\/kuldan.ee\\\/product\\\/smaragd-ja-briljantsormus-2\\\/\",\"url\":\"https:\\\/\\\/kuldan.ee\\\/product\\\/smaragd-ja-briljantsormus-2\\\/\",\"name\":\"Smaragd- ja briljants\u00f5rmus - Kuldan\",\"isPartOf\":{\"@id\":\"https:\\\/\\\/kuldan.ee\\\/#website\"},\"primaryImageOfPage\":{\"@id\":\"https:\\\/\\\/kuldan.ee\\\/product\\\/smaragd-ja-briljantsormus-2\\\/#primaryimage\"},\"image\":{\"@id\":\"https:\\\/\\\/kuldan.ee\\\/product\\\/smaragd-ja-briljantsormus-2\\\/#primaryimage\"},\"thumbnailUrl\":\"https:\\\/\\\/kuldan.ee\\\/wp-content\\\/uploads\\\/2023\\\/10\\\/IMG_6047.jpg\",\"datePublished\":\"2023-10-25T09:18:43+00:00\",\"dateModified\":\"2023-11-08T10:47:58+00:00\",\"description\":\"Kuldani uusim kollektsioon pakub esmaklassiliste v\u00e4\u00e4riskividega, sealhulgas briljantide, smaragdide, safiiride ja rubiinidega. Hooaja v\u00e4rskemaid mudelid igale maitsele nii valges kullas kui roosas kullas. Leia endale sobiv ehe Kuldani kauplustest Viru Keskuses v\u00f5i \u00dclemiste Keskuses.\",\"breadcrumb\":{\"@id\":\"https:\\\/\\\/kuldan.ee\\\/product\\\/smaragd-ja-briljantsormus-2\\\/#breadcrumb\"},\"inLanguage\":\"ru-RU\",\"potentialAction\":[{\"@type\":\"ReadAction\",\"target\":[\"https:\\\/\\\/kuldan.ee\\\/product\\\/smaragd-ja-briljantsormus-2\\\/\"]}]},{\"@type\":\"ImageObject\",\"inLanguage\":\"ru-RU\",\"@id\":\"https:\\\/\\\/kuldan.ee\\\/product\\\/smaragd-ja-briljantsormus-2\\\/#primaryimage\",\"url\":\"https:\\\/\\\/kuldan.ee\\\/wp-content\\\/uploads\\\/2023\\\/10\\\/IMG_6047.jpg\",\"contentUrl\":\"https:\\\/\\\/kuldan.ee\\\/wp-content\\\/uploads\\\/2023\\\/10\\\/IMG_6047.jpg\",\"width\":2400,\"height\":2400},{\"@type\":\"BreadcrumbList\",\"@id\":\"https:\\\/\\\/kuldan.ee\\\/product\\\/smaragd-ja-briljantsormus-2\\\/#breadcrumb\",\"itemListElement\":[{\"@type\":\"ListItem\",\"position\":1,\"name\":\"Home\",\"item\":\"https:\\\/\\\/kuldan.ee\\\/\"},{\"@type\":\"ListItem\",\"position\":2,\"name\":\"Pood\",\"item\":\"https:\\\/\\\/kuldan.ee\\\/pood\\\/\"},{\"@type\":\"ListItem\",\"position\":3,\"name\":\"Smaragd- ja briljants\u00f5rmus\"}]},{\"@type\":\"WebSite\",\"@id\":\"https:\\\/\\\/kuldan.ee\\\/#website\",\"url\":\"https:\\\/\\\/kuldan.ee\\\/\",\"name\":\"Kuldan\",\"description\":\"Parimad teemantid parimate hindadega\",\"publisher\":{\"@id\":\"https:\\\/\\\/kuldan.ee\\\/#organization\"},\"potentialAction\":[{\"@type\":\"SearchAction\",\"target\":{\"@type\":\"EntryPoint\",\"urlTemplate\":\"https:\\\/\\\/kuldan.ee\\\/?s={search_term_string}\"},\"query-input\":{\"@type\":\"PropertyValueSpecification\",\"valueRequired\":true,\"valueName\":\"search_term_string\"}}],\"inLanguage\":\"ru-RU\"},{\"@type\":\"Organization\",\"@id\":\"https:\\\/\\\/kuldan.ee\\\/#organization\",\"name\":\"Kuldan\",\"url\":\"https:\\\/\\\/kuldan.ee\\\/\",\"logo\":{\"@type\":\"ImageObject\",\"inLanguage\":\"ru-RU\",\"@id\":\"https:\\\/\\\/kuldan.ee\\\/#\\\/schema\\\/logo\\\/image\\\/\",\"url\":\"https:\\\/\\\/kuldan.ee\\\/wp-content\\\/uploads\\\/2023\\\/09\\\/kuldan_logo.png\",\"contentUrl\":\"https:\\\/\\\/kuldan.ee\\\/wp-content\\\/uploads\\\/2023\\\/09\\\/kuldan_logo.png\",\"width\":842,\"height\":595,\"caption\":\"Kuldan\"},\"image\":{\"@id\":\"https:\\\/\\\/kuldan.ee\\\/#\\\/schema\\\/logo\\\/image\\\/\"},\"sameAs\":[\"https:\\\/\\\/www.facebook.com\\\/kuldanluxury\",\"https:\\\/\\\/www.instagram.com\\\/kuldan_jewelry\\\/\"]}]}<\/script>\n<!-- \/ Yoast SEO plugin. -->","yoast_head_json":{"title":"Smaragd- ja briljants\u00f5rmus - Kuldan","description":"Kuldani uusim kollektsioon pakub esmaklassiliste v\u00e4\u00e4riskividega, sealhulgas briljantide, smaragdide, safiiride ja rubiinidega. Hooaja v\u00e4rskemaid mudelid igale maitsele nii valges kullas kui roosas kullas. Leia endale sobiv ehe Kuldani kauplustest Viru Keskuses v\u00f5i \u00dclemiste Keskuses.","robots":{"index":"index","follow":"follow","max-snippet":"max-snippet:-1","max-image-preview":"max-image-preview:large","max-video-preview":"max-video-preview:-1"},"canonical":"https:\/\/kuldan.ee\/ru\/product\/smaragd-ja-briljantsormus-2\/","og_locale":"ru_RU","og_type":"article","og_title":"Smaragd- ja briljants\u00f5rmus - Kuldan","og_description":"Kuldani uusim kollektsioon pakub esmaklassiliste v\u00e4\u00e4riskividega, sealhulgas briljantide, smaragdide, safiiride ja rubiinidega. Hooaja v\u00e4rskemaid mudelid igale maitsele nii valges kullas kui roosas kullas. Leia endale sobiv ehe Kuldani kauplustest Viru Keskuses v\u00f5i \u00dclemiste Keskuses.","og_url":"https:\/\/kuldan.ee\/ru\/product\/smaragd-ja-briljantsormus-2\/","og_site_name":"Kuldan","article_publisher":"https:\/\/www.facebook.com\/kuldanluxury","article_modified_time":"2023-11-08T10:47:58+00:00","og_image":[{"width":2400,"height":2400,"url":"https:\/\/kuldan.ee\/wp-content\/uploads\/2023\/10\/IMG_6047.jpg","type":"image\/jpeg"}],"twitter_card":"summary_large_image","twitter_misc":{"\u041f\u0440\u0438\u043c\u0435\u0440\u043d\u043e\u0435 \u0432\u0440\u0435\u043c\u044f \u0434\u043b\u044f \u0447\u0442\u0435\u043d\u0438\u044f":"1 \u043c\u0438\u043d\u0443\u0442\u0430"},"schema":{"@context":"https:\/\/schema.org","@graph":[{"@type":"WebPage","@id":"https:\/\/kuldan.ee\/product\/smaragd-ja-briljantsormus-2\/","url":"https:\/\/kuldan.ee\/product\/smaragd-ja-briljantsormus-2\/","name":"Smaragd- ja briljants\u00f5rmus - Kuldan","isPartOf":{"@id":"https:\/\/kuldan.ee\/#website"},"primaryImageOfPage":{"@id":"https:\/\/kuldan.ee\/product\/smaragd-ja-briljantsormus-2\/#primaryimage"},"image":{"@id":"https:\/\/kuldan.ee\/product\/smaragd-ja-briljantsormus-2\/#primaryimage"},"thumbnailUrl":"https:\/\/kuldan.ee\/wp-content\/uploads\/2023\/10\/IMG_6047.jpg","datePublished":"2023-10-25T09:18:43+00:00","dateModified":"2023-11-08T10:47:58+00:00","description":"Kuldani uusim kollektsioon pakub esmaklassiliste v\u00e4\u00e4riskividega, sealhulgas briljantide, smaragdide, safiiride ja rubiinidega. Hooaja v\u00e4rskemaid mudelid igale maitsele nii valges kullas kui roosas kullas. Leia endale sobiv ehe Kuldani kauplustest Viru Keskuses v\u00f5i \u00dclemiste Keskuses.","breadcrumb":{"@id":"https:\/\/kuldan.ee\/product\/smaragd-ja-briljantsormus-2\/#breadcrumb"},"inLanguage":"ru-RU","potentialAction":[{"@type":"ReadAction","target":["https:\/\/kuldan.ee\/product\/smaragd-ja-briljantsormus-2\/"]}]},{"@type":"ImageObject","inLanguage":"ru-RU","@id":"https:\/\/kuldan.ee\/product\/smaragd-ja-briljantsormus-2\/#primaryimage","url":"https:\/\/kuldan.ee\/wp-content\/uploads\/2023\/10\/IMG_6047.jpg","contentUrl":"https:\/\/kuldan.ee\/wp-content\/uploads\/2023\/10\/IMG_6047.jpg","width":2400,"height":2400},{"@type":"BreadcrumbList","@id":"https:\/\/kuldan.ee\/product\/smaragd-ja-briljantsormus-2\/#breadcrumb","itemListElement":[{"@type":"ListItem","position":1,"name":"Home","item":"https:\/\/kuldan.ee\/"},{"@type":"ListItem","position":2,"name":"Pood","item":"https:\/\/kuldan.ee\/pood\/"},{"@type":"ListItem","position":3,"name":"Smaragd- ja briljants\u00f5rmus"}]},{"@type":"WebSite","@id":"https:\/\/kuldan.ee\/#website","url":"https:\/\/kuldan.ee\/","name":"Kuldan","description":"Parimad teemantid parimate hindadega","publisher":{"@id":"https:\/\/kuldan.ee\/#organization"},"potentialAction":[{"@type":"SearchAction","target":{"@type":"EntryPoint","urlTemplate":"https:\/\/kuldan.ee\/?s={search_term_string}"},"query-input":{"@type":"PropertyValueSpecification","valueRequired":true,"valueName":"search_term_string"}}],"inLanguage":"ru-RU"},{"@type":"Organization","@id":"https:\/\/kuldan.ee\/#organization","name":"Kuldan","url":"https:\/\/kuldan.ee\/","logo":{"@type":"ImageObject","inLanguage":"ru-RU","@id":"https:\/\/kuldan.ee\/#\/schema\/logo\/image\/","url":"https:\/\/kuldan.ee\/wp-content\/uploads\/2023\/09\/kuldan_logo.png","contentUrl":"https:\/\/kuldan.ee\/wp-content\/uploads\/2023\/09\/kuldan_logo.png","width":842,"height":595,"caption":"Kuldan"},"image":{"@id":"https:\/\/kuldan.ee\/#\/schema\/logo\/image\/"},"sameAs":["https:\/\/www.facebook.com\/kuldanluxury","https:\/\/www.instagram.com\/kuldan_jewelry\/"]}]}},"_links":{"self":[{"href":"https:\/\/kuldan.ee\/ru\/wp-json\/wp\/v2\/product\/29279","targetHints":{"allow":["GET"]}}],"collection":[{"href":"https:\/\/kuldan.ee\/ru\/wp-json\/wp\/v2\/product"}],"about":[{"href":"https:\/\/kuldan.ee\/ru\/wp-json\/wp\/v2\/types\/product"}],"wp:featuredmedia":[{"embeddable":true,"href":"https:\/\/kuldan.ee\/ru\/wp-json\/wp\/v2\/media\/29219"}],"wp:attachment":[{"href":"https:\/\/kuldan.ee\/ru\/wp-json\/wp\/v2\/media?parent=29279"}],"wp:term":[{"taxonomy":"product_brand","embeddable":true,"href":"https:\/\/kuldan.ee\/ru\/wp-json\/wp\/v2\/product_brand?post=29279"},{"taxonomy":"product_cat","embeddable":true,"href":"https:\/\/kuldan.ee\/ru\/wp-json\/wp\/v2\/product_cat?post=29279"},{"taxonomy":"product_tag","embeddable":true,"href":"https:\/\/kuldan.ee\/ru\/wp-json\/wp\/v2\/product_tag?post=29279"}],"curies":[{"name":"wp","href":"https:\/\/api.w.org\/{rel}","templated":true}]}}