{"id":29214,"date":"2023-10-25T12:11:49","date_gmt":"2023-10-25T09:11:49","guid":{"rendered":"https:\/\/kuldan.ee\/?post_type=product&#038;p=29214"},"modified":"2026-04-16T17:49:15","modified_gmt":"2026-04-16T14:49:15","slug":"smaragd-ja-briljantsormus","status":"publish","type":"product","link":"https:\/\/kuldan.ee\/ru\/product\/smaragd-ja-briljantsormus\/","title":{"rendered":"Smaragd- ja briljants\u00f5rmus"},"content":{"rendered":"<p data-sourcepos=\"3:1-3:197\">Kuldani uusim kollektsioon pakub esmaklassiliste v\u00e4\u00e4riskividega, sealhulgas briljantide, smaragdide, safiiride ja rubiinidega. Hooaja v\u00e4rskeimad mudelid igale maitsele nii valges kullas kui roosas kullas. Leia endale sobiv ehe Kuldani kauplustest Viru Keskuses, \u00dclemiste Keskuses v\u00f5i telli siit samast enda koduuksest sisse.<\/p>","protected":false},"excerpt":{"rendered":"<p>&nbsp;<\/p>\n<p>\u041c\u0435\u0442\u0430\u043b\u043b: \u0411\u0435\u043b\u043e\u0435 \u0437\u043e\u043b\u043e\u0442\u043e 585 \u043f\u0440\u043e\u0431\u044b<\/p>\n<p>\u0420\u0430\u0437\u043c\u0435\u0440 \u0442\u043e\u0432\u0430\u0440\u0430: 17,5<\/p>\n<p>\u0412\u0435\u0441 \u0438\u0437\u0434\u0435\u043b\u0438\u044f: 6,05 \u0433<\/p>\n<p>Kivide info: Briljandid G\/VVS 105-0,38 ct<\/p>\n<p>Smaragdid 33-2,42 ct<\/p>\n<p>Viru ja \u00dclemiste<\/p>","protected":false},"featured_media":29232,"template":"","meta":[],"product_brand":[],"product_cat":[664,614,580,574,675],"product_tag":[],"class_list":{"0":"post-29214","1":"product","2":"type-product","3":"status-publish","4":"has-post-thumbnail","6":"product_cat-briljandid-5","7":"product_cat-smaragdid","8":"product_cat-sormused","9":"product_cat-vaariskividega","10":"product_cat-valge-kuld-2","11":"pa_suurus-57-2","12":"pa_vaariskivid-briljandid","13":"pa_vaariskivid-emeralds-2","15":"first","16":"onbackorder","17":"taxable","18":"shipping-taxable","19":"purchasable","20":"product-type-simple"},"yoast_head":"<!-- This site is optimized with the Yoast SEO plugin v27.4 - https:\/\/yoast.com\/product\/yoast-seo-wordpress\/ -->\n<title>Smaragd- ja briljants\u00f5rmus - Kuldan<\/title>\n<meta name=\"description\" content=\"Kuldani uusim kollektsioon pakub esmaklassiliste v\u00e4\u00e4riskividega, sealhulgas briljantide, smaragdide, safiiride ja rubiinidega. Hooaja v\u00e4rskeimad mudelid igale maitsele nii valges kullas kui roosas kullas. Leia endale sobiv ehe Kuldani kauplustest Viru Keskuses, \u00dclemiste Keskuses v\u00f5i telli siit samast enda koduuksest sisse.\" \/>\n<meta name=\"robots\" content=\"index, follow, max-snippet:-1, max-image-preview:large, max-video-preview:-1\" \/>\n<link rel=\"canonical\" href=\"https:\/\/kuldan.ee\/ru\/product\/smaragd-ja-briljantsormus\/\" \/>\n<meta property=\"og:locale\" content=\"ru_RU\" \/>\n<meta property=\"og:type\" content=\"article\" \/>\n<meta property=\"og:title\" content=\"Smaragd- ja briljants\u00f5rmus - Kuldan\" \/>\n<meta property=\"og:description\" content=\"Kuldani uusim kollektsioon pakub esmaklassiliste v\u00e4\u00e4riskividega, sealhulgas briljantide, smaragdide, safiiride ja rubiinidega. Hooaja v\u00e4rskeimad mudelid igale maitsele nii valges kullas kui roosas kullas. Leia endale sobiv ehe Kuldani kauplustest Viru Keskuses, \u00dclemiste Keskuses v\u00f5i telli siit samast enda koduuksest sisse.\" \/>\n<meta property=\"og:url\" content=\"https:\/\/kuldan.ee\/ru\/product\/smaragd-ja-briljantsormus\/\" \/>\n<meta property=\"og:site_name\" content=\"Kuldan\" \/>\n<meta property=\"article:publisher\" content=\"https:\/\/www.facebook.com\/kuldanluxury\" \/>\n<meta property=\"article:modified_time\" content=\"2026-04-16T14:49:15+00:00\" \/>\n<meta property=\"og:image\" content=\"https:\/\/kuldan.ee\/wp-content\/uploads\/2023\/10\/IMG_6150.jpg\" \/>\n\t<meta property=\"og:image:width\" content=\"2400\" \/>\n\t<meta property=\"og:image:height\" content=\"2400\" \/>\n\t<meta property=\"og:image:type\" content=\"image\/jpeg\" \/>\n<meta name=\"twitter:card\" content=\"summary_large_image\" \/>\n<meta name=\"twitter:label1\" content=\"\u041f\u0440\u0438\u043c\u0435\u0440\u043d\u043e\u0435 \u0432\u0440\u0435\u043c\u044f \u0434\u043b\u044f \u0447\u0442\u0435\u043d\u0438\u044f\" \/>\n\t<meta name=\"twitter:data1\" content=\"1 \u043c\u0438\u043d\u0443\u0442\u0430\" \/>\n<script type=\"application\/ld+json\" class=\"yoast-schema-graph\">{\"@context\":\"https:\\\/\\\/schema.org\",\"@graph\":[{\"@type\":\"WebPage\",\"@id\":\"https:\\\/\\\/kuldan.ee\\\/product\\\/smaragd-ja-briljantsormus\\\/\",\"url\":\"https:\\\/\\\/kuldan.ee\\\/product\\\/smaragd-ja-briljantsormus\\\/\",\"name\":\"Smaragd- ja briljants\u00f5rmus - Kuldan\",\"isPartOf\":{\"@id\":\"https:\\\/\\\/kuldan.ee\\\/#website\"},\"primaryImageOfPage\":{\"@id\":\"https:\\\/\\\/kuldan.ee\\\/product\\\/smaragd-ja-briljantsormus\\\/#primaryimage\"},\"image\":{\"@id\":\"https:\\\/\\\/kuldan.ee\\\/product\\\/smaragd-ja-briljantsormus\\\/#primaryimage\"},\"thumbnailUrl\":\"https:\\\/\\\/kuldan.ee\\\/wp-content\\\/uploads\\\/2023\\\/10\\\/IMG_6150.jpg\",\"datePublished\":\"2023-10-25T09:11:49+00:00\",\"dateModified\":\"2026-04-16T14:49:15+00:00\",\"description\":\"Kuldani uusim kollektsioon pakub esmaklassiliste v\u00e4\u00e4riskividega, sealhulgas briljantide, smaragdide, safiiride ja rubiinidega. Hooaja v\u00e4rskeimad mudelid igale maitsele nii valges kullas kui roosas kullas. Leia endale sobiv ehe Kuldani kauplustest Viru Keskuses, \u00dclemiste Keskuses v\u00f5i telli siit samast enda koduuksest sisse.\",\"breadcrumb\":{\"@id\":\"https:\\\/\\\/kuldan.ee\\\/product\\\/smaragd-ja-briljantsormus\\\/#breadcrumb\"},\"inLanguage\":\"ru-RU\",\"potentialAction\":[{\"@type\":\"ReadAction\",\"target\":[\"https:\\\/\\\/kuldan.ee\\\/product\\\/smaragd-ja-briljantsormus\\\/\"]}]},{\"@type\":\"ImageObject\",\"inLanguage\":\"ru-RU\",\"@id\":\"https:\\\/\\\/kuldan.ee\\\/product\\\/smaragd-ja-briljantsormus\\\/#primaryimage\",\"url\":\"https:\\\/\\\/kuldan.ee\\\/wp-content\\\/uploads\\\/2023\\\/10\\\/IMG_6150.jpg\",\"contentUrl\":\"https:\\\/\\\/kuldan.ee\\\/wp-content\\\/uploads\\\/2023\\\/10\\\/IMG_6150.jpg\",\"width\":2400,\"height\":2400},{\"@type\":\"BreadcrumbList\",\"@id\":\"https:\\\/\\\/kuldan.ee\\\/product\\\/smaragd-ja-briljantsormus\\\/#breadcrumb\",\"itemListElement\":[{\"@type\":\"ListItem\",\"position\":1,\"name\":\"Home\",\"item\":\"https:\\\/\\\/kuldan.ee\\\/\"},{\"@type\":\"ListItem\",\"position\":2,\"name\":\"Pood\",\"item\":\"https:\\\/\\\/kuldan.ee\\\/pood\\\/\"},{\"@type\":\"ListItem\",\"position\":3,\"name\":\"Smaragd- ja briljants\u00f5rmus\"}]},{\"@type\":\"WebSite\",\"@id\":\"https:\\\/\\\/kuldan.ee\\\/#website\",\"url\":\"https:\\\/\\\/kuldan.ee\\\/\",\"name\":\"Kuldan\",\"description\":\"Parimad teemantid parimate hindadega\",\"publisher\":{\"@id\":\"https:\\\/\\\/kuldan.ee\\\/#organization\"},\"potentialAction\":[{\"@type\":\"SearchAction\",\"target\":{\"@type\":\"EntryPoint\",\"urlTemplate\":\"https:\\\/\\\/kuldan.ee\\\/?s={search_term_string}\"},\"query-input\":{\"@type\":\"PropertyValueSpecification\",\"valueRequired\":true,\"valueName\":\"search_term_string\"}}],\"inLanguage\":\"ru-RU\"},{\"@type\":\"Organization\",\"@id\":\"https:\\\/\\\/kuldan.ee\\\/#organization\",\"name\":\"Kuldan\",\"url\":\"https:\\\/\\\/kuldan.ee\\\/\",\"logo\":{\"@type\":\"ImageObject\",\"inLanguage\":\"ru-RU\",\"@id\":\"https:\\\/\\\/kuldan.ee\\\/#\\\/schema\\\/logo\\\/image\\\/\",\"url\":\"https:\\\/\\\/kuldan.ee\\\/wp-content\\\/uploads\\\/2023\\\/09\\\/kuldan_logo.png\",\"contentUrl\":\"https:\\\/\\\/kuldan.ee\\\/wp-content\\\/uploads\\\/2023\\\/09\\\/kuldan_logo.png\",\"width\":842,\"height\":595,\"caption\":\"Kuldan\"},\"image\":{\"@id\":\"https:\\\/\\\/kuldan.ee\\\/#\\\/schema\\\/logo\\\/image\\\/\"},\"sameAs\":[\"https:\\\/\\\/www.facebook.com\\\/kuldanluxury\",\"https:\\\/\\\/www.instagram.com\\\/kuldan_jewelry\\\/\"]}]}<\/script>\n<!-- \/ Yoast SEO plugin. -->","yoast_head_json":{"title":"Smaragd- ja briljants\u00f5rmus - Kuldan","description":"Kuldani uusim kollektsioon pakub esmaklassiliste v\u00e4\u00e4riskividega, sealhulgas briljantide, smaragdide, safiiride ja rubiinidega. Hooaja v\u00e4rskeimad mudelid igale maitsele nii valges kullas kui roosas kullas. Leia endale sobiv ehe Kuldani kauplustest Viru Keskuses, \u00dclemiste Keskuses v\u00f5i telli siit samast enda koduuksest sisse.","robots":{"index":"index","follow":"follow","max-snippet":"max-snippet:-1","max-image-preview":"max-image-preview:large","max-video-preview":"max-video-preview:-1"},"canonical":"https:\/\/kuldan.ee\/ru\/product\/smaragd-ja-briljantsormus\/","og_locale":"ru_RU","og_type":"article","og_title":"Smaragd- ja briljants\u00f5rmus - Kuldan","og_description":"Kuldani uusim kollektsioon pakub esmaklassiliste v\u00e4\u00e4riskividega, sealhulgas briljantide, smaragdide, safiiride ja rubiinidega. Hooaja v\u00e4rskeimad mudelid igale maitsele nii valges kullas kui roosas kullas. Leia endale sobiv ehe Kuldani kauplustest Viru Keskuses, \u00dclemiste Keskuses v\u00f5i telli siit samast enda koduuksest sisse.","og_url":"https:\/\/kuldan.ee\/ru\/product\/smaragd-ja-briljantsormus\/","og_site_name":"Kuldan","article_publisher":"https:\/\/www.facebook.com\/kuldanluxury","article_modified_time":"2026-04-16T14:49:15+00:00","og_image":[{"width":2400,"height":2400,"url":"https:\/\/kuldan.ee\/wp-content\/uploads\/2023\/10\/IMG_6150.jpg","type":"image\/jpeg"}],"twitter_card":"summary_large_image","twitter_misc":{"\u041f\u0440\u0438\u043c\u0435\u0440\u043d\u043e\u0435 \u0432\u0440\u0435\u043c\u044f \u0434\u043b\u044f \u0447\u0442\u0435\u043d\u0438\u044f":"1 \u043c\u0438\u043d\u0443\u0442\u0430"},"schema":{"@context":"https:\/\/schema.org","@graph":[{"@type":"WebPage","@id":"https:\/\/kuldan.ee\/product\/smaragd-ja-briljantsormus\/","url":"https:\/\/kuldan.ee\/product\/smaragd-ja-briljantsormus\/","name":"Smaragd- ja briljants\u00f5rmus - Kuldan","isPartOf":{"@id":"https:\/\/kuldan.ee\/#website"},"primaryImageOfPage":{"@id":"https:\/\/kuldan.ee\/product\/smaragd-ja-briljantsormus\/#primaryimage"},"image":{"@id":"https:\/\/kuldan.ee\/product\/smaragd-ja-briljantsormus\/#primaryimage"},"thumbnailUrl":"https:\/\/kuldan.ee\/wp-content\/uploads\/2023\/10\/IMG_6150.jpg","datePublished":"2023-10-25T09:11:49+00:00","dateModified":"2026-04-16T14:49:15+00:00","description":"Kuldani uusim kollektsioon pakub esmaklassiliste v\u00e4\u00e4riskividega, sealhulgas briljantide, smaragdide, safiiride ja rubiinidega. Hooaja v\u00e4rskeimad mudelid igale maitsele nii valges kullas kui roosas kullas. Leia endale sobiv ehe Kuldani kauplustest Viru Keskuses, \u00dclemiste Keskuses v\u00f5i telli siit samast enda koduuksest sisse.","breadcrumb":{"@id":"https:\/\/kuldan.ee\/product\/smaragd-ja-briljantsormus\/#breadcrumb"},"inLanguage":"ru-RU","potentialAction":[{"@type":"ReadAction","target":["https:\/\/kuldan.ee\/product\/smaragd-ja-briljantsormus\/"]}]},{"@type":"ImageObject","inLanguage":"ru-RU","@id":"https:\/\/kuldan.ee\/product\/smaragd-ja-briljantsormus\/#primaryimage","url":"https:\/\/kuldan.ee\/wp-content\/uploads\/2023\/10\/IMG_6150.jpg","contentUrl":"https:\/\/kuldan.ee\/wp-content\/uploads\/2023\/10\/IMG_6150.jpg","width":2400,"height":2400},{"@type":"BreadcrumbList","@id":"https:\/\/kuldan.ee\/product\/smaragd-ja-briljantsormus\/#breadcrumb","itemListElement":[{"@type":"ListItem","position":1,"name":"Home","item":"https:\/\/kuldan.ee\/"},{"@type":"ListItem","position":2,"name":"Pood","item":"https:\/\/kuldan.ee\/pood\/"},{"@type":"ListItem","position":3,"name":"Smaragd- ja briljants\u00f5rmus"}]},{"@type":"WebSite","@id":"https:\/\/kuldan.ee\/#website","url":"https:\/\/kuldan.ee\/","name":"Kuldan","description":"Parimad teemantid parimate hindadega","publisher":{"@id":"https:\/\/kuldan.ee\/#organization"},"potentialAction":[{"@type":"SearchAction","target":{"@type":"EntryPoint","urlTemplate":"https:\/\/kuldan.ee\/?s={search_term_string}"},"query-input":{"@type":"PropertyValueSpecification","valueRequired":true,"valueName":"search_term_string"}}],"inLanguage":"ru-RU"},{"@type":"Organization","@id":"https:\/\/kuldan.ee\/#organization","name":"Kuldan","url":"https:\/\/kuldan.ee\/","logo":{"@type":"ImageObject","inLanguage":"ru-RU","@id":"https:\/\/kuldan.ee\/#\/schema\/logo\/image\/","url":"https:\/\/kuldan.ee\/wp-content\/uploads\/2023\/09\/kuldan_logo.png","contentUrl":"https:\/\/kuldan.ee\/wp-content\/uploads\/2023\/09\/kuldan_logo.png","width":842,"height":595,"caption":"Kuldan"},"image":{"@id":"https:\/\/kuldan.ee\/#\/schema\/logo\/image\/"},"sameAs":["https:\/\/www.facebook.com\/kuldanluxury","https:\/\/www.instagram.com\/kuldan_jewelry\/"]}]}},"_links":{"self":[{"href":"https:\/\/kuldan.ee\/ru\/wp-json\/wp\/v2\/product\/29214","targetHints":{"allow":["GET"]}}],"collection":[{"href":"https:\/\/kuldan.ee\/ru\/wp-json\/wp\/v2\/product"}],"about":[{"href":"https:\/\/kuldan.ee\/ru\/wp-json\/wp\/v2\/types\/product"}],"wp:featuredmedia":[{"embeddable":true,"href":"https:\/\/kuldan.ee\/ru\/wp-json\/wp\/v2\/media\/29232"}],"wp:attachment":[{"href":"https:\/\/kuldan.ee\/ru\/wp-json\/wp\/v2\/media?parent=29214"}],"wp:term":[{"taxonomy":"product_brand","embeddable":true,"href":"https:\/\/kuldan.ee\/ru\/wp-json\/wp\/v2\/product_brand?post=29214"},{"taxonomy":"product_cat","embeddable":true,"href":"https:\/\/kuldan.ee\/ru\/wp-json\/wp\/v2\/product_cat?post=29214"},{"taxonomy":"product_tag","embeddable":true,"href":"https:\/\/kuldan.ee\/ru\/wp-json\/wp\/v2\/product_tag?post=29214"}],"curies":[{"name":"wp","href":"https:\/\/api.w.org\/{rel}","templated":true}]}}