{"id":29388,"date":"2024-01-09T16:02:40","date_gmt":"2024-01-09T14:02:40","guid":{"rendered":"https:\/\/kuldan.ee\/?page_id=29388"},"modified":"2025-01-23T14:32:59","modified_gmt":"2025-01-23T12:32:59","slug":"esto-makseviisid","status":"publish","type":"page","link":"https:\/\/kuldan.ee\/ru\/esto-makseviisid\/","title":{"rendered":"Esto Makseviisid"},"content":{"rendered":"<div class=\"fusion-fullwidth fullwidth-box fusion-builder-row-1 fusion-flex-container nonhundred-percent-fullwidth non-hundred-percent-height-scrolling\" style=\"--awb-border-radius-top-left:0px;--awb-border-radius-top-right:0px;--awb-border-radius-bottom-right:0px;--awb-border-radius-bottom-left:0px;--awb-flex-wrap:wrap;\" ><div class=\"fusion-builder-row fusion-row fusion-flex-align-items-flex-start fusion-flex-content-wrap\" style=\"max-width:1248px;margin-left: calc(-4% \/ 2 );margin-right: calc(-4% \/ 2 );\"><div class=\"fusion-layout-column fusion_builder_column fusion-builder-column-0 fusion_builder_column_1_1 1_1 fusion-flex-column\" style=\"--awb-bg-size:cover;--awb-width-large:100%;--awb-margin-top-large:0px;--awb-spacing-right-large:1.92%;--awb-margin-bottom-large:0px;--awb-spacing-left-large:1.92%;--awb-width-medium:100%;--awb-spacing-right-medium:1.92%;--awb-spacing-left-medium:1.92%;--awb-width-small:100%;--awb-spacing-right-small:1.92%;--awb-spacing-left-small:1.92%;\"><div class=\"fusion-column-wrapper fusion-flex-justify-content-flex-start fusion-content-layout-column\"><div class=\"fusion-text fusion-text-1\"><h1 class=\"fusion-responsive-typography-calculated\" data-fontsize=\"28\" data-lineheight=\"39.2px\">Kuldan J\u00e4relmaks<\/h1>\n<p><a href=\"https:\/\/kuldan.ee\/wp-content\/uploads\/2020\/08\/kuldan_j%C3%A4relmaks.png\"><img decoding=\"async\" class=\"alignright size-full wp-image-20773\" src=\"https:\/\/kuldan.ee\/wp-content\/uploads\/2020\/08\/kuldan_j%C3%A4relmaks.png\" sizes=\"(max-width: 290px) 100vw, 290px\" srcset=\"https:\/\/kuldan.ee\/wp-content\/uploads\/2020\/08\/kuldan_j\u00e4relmaks-200x126.png 200w, https:\/\/kuldan.ee\/wp-content\/uploads\/2020\/08\/kuldan_j\u00e4relmaks.png 290w\" alt=\"\" width=\"290\" height=\"183\" \/><\/a>\u0420\u0430\u0441\u0441\u0440\u043e\u0447\u043a\u0430 \u043f\u043b\u0430\u0442\u0435\u0436\u0430 Kuldan - \u043d\u0435 \u0445\u043e\u0442\u0438\u0442\u0435 \u043f\u043b\u0430\u0442\u0438\u0442\u044c \u0441\u0440\u0430\u0437\u0443 \u0432\u0441\u044e \u0441\u0443\u043c\u043c\u0443? \u041f\u043b\u0430\u0442\u0438\u0442\u0435 \u0432\n\u0440\u0430\u0441\u0441\u0440\u043e\u0447\u043a\u0443!<\/p>\n<p>\u041f\u0440\u0438 \u043e\u043f\u043b\u0430\u0442\u0435 \u0442\u043e\u0432\u0430\u0440\u043e\u0432 \u0438\u043b\u0438 \u0443\u0441\u043b\u0443\u0433 \u0438\u0441\u043f\u043e\u043b\u044c\u0437\u0443\u0439\u0442\u0435 \u0440\u0430\u0441\u0441\u0440\u043e\u0447\u043a\u0443 \u043f\u043b\u0430\u0442\u0435\u0436\u0430 Kuldan - \u0441\u0430\u043c\u0443\u044e\n\u0434\u0435\u0448\u0435\u0432\u0443\u044e, \u0443\u0434\u043e\u0431\u043d\u0443\u044e \u0438 \u0431\u044b\u0441\u0442\u0440\u0443\u044e \u0441\u0441\u044b\u043b\u043a\u0443 \u0434\u043b\u044f \u0440\u0430\u0441\u0441\u0440\u043e\u0447\u043a\u0438 \u043f\u043b\u0430\u0442\u0435\u0436\u0430 \u0432 \u042d\u0441\u0442\u043e\u043d\u0438\u0438!<\/p>\n<p>\u0420\u0430\u0441\u0441\u0440\u043e\u0447\u043a\u0430 \u043f\u043b\u0430\u0442\u0435\u0436\u0430 Kuldan - \u044d\u0442\u043e \u0447\u0440\u0435\u0437\u0432\u044b\u0447\u0430\u0439\u043d\u043e \u0431\u044b\u0441\u0442\u0440\u043e\u0435 \u0438 \u0443\u0434\u043e\u0431\u043d\u043e\u0435 \u043f\u043b\u0430\u0442\u0435\u0436\u043d\u043e\u0435\n\u0440\u0435\u0448\u0435\u043d\u0438\u0435, \u043a\u043e\u0442\u043e\u0440\u043e\u0435 \u043f\u043e\u043c\u043e\u0433\u0430\u0435\u0442 \u0441\u043e\u0441\u0442\u0430\u0432\u0438\u0442\u044c \u0434\u043b\u044f \u0432\u0430\u0441 \u0433\u0440\u0430\u0444\u0438\u043a \u043f\u043b\u0430\u0442\u0435\u0436\u0435\u0439 \u0432 \u0437\u0430\u0432\u0438\u0441\u0438\u043c\u043e\u0441\u0442\u0438 \u043e\u0442\n\u0432\u044b\u0431\u0440\u0430\u043d\u043d\u043e\u0433\u043e \u0432\u0430\u043c\u0438 \u043f\u0435\u0440\u0438\u043e\u0434\u0430, \u0442\u043e \u0435\u0441\u0442\u044c \u043f\u043b\u0430\u0442\u0438\u0442\u044c \u0432 \u0440\u0430\u0441\u0441\u0440\u043e\u0447\u043a\u0443. \u042d\u0442\u043e \u043f\u043b\u0430\u0442\u0435\u0436\u043d\u043e\u0435 \u0440\u0435\u0448\u0435\u043d\u0438\u0435\n\u043f\u0440\u0438\u043d\u0438\u043c\u0430\u0435\u0442 \u0440\u0435\u0448\u0435\u043d\u0438\u0435 \u043e \u043a\u0440\u0435\u0434\u0438\u0442\u0435 \u0432 \u0440\u0435\u0436\u0438\u043c\u0435 \u0440\u0435\u0430\u043b\u044c\u043d\u043e\u0433\u043e \u0432\u0440\u0435\u043c\u0435\u043d\u0438 \u0438 \u043f\u043e\u043c\u043e\u0433\u0430\u0435\u0442 \u0432\u0430\u043c\n\u0441\u043e\u0432\u0435\u0440\u0448\u0438\u0442\u044c \u043f\u043e\u043a\u0443\u043f\u043a\u0443 \u043c\u0435\u043d\u0435\u0435 \u0447\u0435\u043c \u0437\u0430 60 \u0441\u0435\u043a\u0443\u043d\u0434.<\/p>\n<p>Taotlege Kuldan kauplustes Viru, \u00dclemiste, Rocca-al-Mare keskustes.<\/p>\n<p>\u0412\u041d\u0418\u041c\u0410\u041d\u0418\u0415! \u041a\u0430\u0436\u0434\u044b\u0439 \u0432\u0437\u043d\u043e\u0441 - \u044d\u0442\u043e \u0444\u0438\u043d\u0430\u043d\u0441\u043e\u0432\u043e\u0435 \u043e\u0431\u044f\u0437\u0430\u0442\u0435\u043b\u044c\u0441\u0442\u0432\u043e. \u041f\u0435\u0440\u0435\u0434 \u0437\u0430\u043a\u043b\u044e\u0447\u0435\u043d\u0438\u0435\u043c\n\u0434\u043e\u0433\u043e\u0432\u043e\u0440\u0430 \u043f\u043e\u043a\u0443\u043f\u043a\u0438 \u0432 \u0440\u0430\u0441\u0441\u0440\u043e\u0447\u043a\u0443 \u043e\u0437\u043d\u0430\u043a\u043e\u043c\u044c\u0442\u0435\u0441\u044c \u0441 \u0443\u0441\u043b\u043e\u0432\u0438\u044f\u043c\u0438 \u0441\u043e\u043e\u0442\u0432\u0435\u0442\u0441\u0442\u0432\u0443\u044e\u0449\u0435\u0439 \u0443\u0441\u043b\u0443\u0433\u0438\n\u0438, \u043f\u0440\u0438 \u043d\u0435\u043e\u0431\u0445\u043e\u0434\u0438\u043c\u043e\u0441\u0442\u0438, \u043f\u0440\u043e\u043a\u043e\u043d\u0441\u0443\u043b\u044c\u0442\u0438\u0440\u0443\u0439\u0442\u0435\u0441\u044c \u0441\u043e \u0441\u043f\u0435\u0446\u0438\u0430\u043b\u0438\u0441\u0442\u043e\u043c.<\/p>\n<p>\u041e\u0431\u044b\u0447\u043d\u044b\u0435 \u0443\u0441\u043b\u043e\u0432\u0438\u044f \u0440\u0430\u0441\u0441\u0440\u043e\u0447\u043a\u0438 \u043f\u043b\u0430\u0442\u0435\u0436\u0430 \u041a\u0443\u043b\u044c\u0434\u0430\u043d \u0441\u043b\u0435\u0434\u0443\u044e\u0449\u0438\u0435:<\/p>\n<p>\u2022 Intress alates 0%<\/p>\n<p>\u041f\u043b\u0430\u0442\u0430 \u0437\u0430 \u0434\u043e\u0433\u043e\u0432\u043e\u0440 \u043e\u0442 0 \u0435\u0432\u0440\u043e<\/p>\n<p>\u2022 Periood kuni 5 aastat<\/p>\n<p>\u041f\u043e\u0434\u0430\u0442\u044c \u0437\u0430\u044f\u0432\u043a\u0443 \u043d\u0430 \u043f\u043e\u043b\u0443\u0447\u0435\u043d\u0438\u0435 \u0440\u0430\u0441\u0441\u0440\u043e\u0447\u043a\u0438 \u043f\u043b\u0430\u0442\u0435\u0436\u0430 Kuldan \u043c\u043e\u0433\u0443\u0442 \u0432\u0441\u0435 \u0433\u0440\u0430\u0436\u0434\u0430\u043d\u0435\n\u042d\u0441\u0442\u043e\u043d\u0441\u043a\u043e\u0439 \u0420\u0435\u0441\u043f\u0443\u0431\u043b\u0438\u043a\u0438 \u0432 \u0432\u043e\u0437\u0440\u0430\u0441\u0442\u0435 \u043e\u0442 18 \u0434\u043e 70 \u043b\u0435\u0442. \u0420\u0430\u0441\u0441\u0440\u043e\u0447\u043a\u0430 \u043f\u043b\u0430\u0442\u0435\u0436\u0430 Kuldan\n\u043c\u043e\u0436\u0435\u0442 \u0431\u044b\u0442\u044c \u043f\u0440\u043e\u0438\u0437\u0432\u0435\u0434\u0435\u043d\u0430 \u0431\u044b\u0441\u0442\u0440\u043e \u0438 \u0443\u0434\u043e\u0431\u043d\u043e \u0438 \u0434\u043b\u044f \u044e\u0440\u0438\u0434\u0438\u0447\u0435\u0441\u043a\u043e\u0433\u043e \u043b\u0438\u0446\u0430.<\/p>\n<p><b>T\u00c4HELEPANU! <\/b><i><span style=\"font-weight: 400;\">Iga finantsotsusega kaasnevad riskid ja kohustused, mist\u00f5ttu palume laenutoodete tarbimise vajadus hoolikalt l\u00e4bi m\u00f5elda. N\u00e4iteks 1290-eurose laenusumma puhul 24 kuuks fikseeritud intressiga 14.90% aastas ja lepingutasuga 0 eurot on krediidi kulukuse m\u00e4\u00e4r 31.62%, kuumakse suurus 70.67 eurot ning tarbija poolt tagasimakstav kogusumma 1696.08 eurot. J\u00e4relmaks on finantskohustus ning enne otsuse tegemist tutvuge p\u00f5hjalikult lepingutingimustega ja vajadusel pidage n\u00f5u ESTO AS t\u00f6\u00f6tajaga v\u00f5i muu asjatundjaga. J\u00e4relmaksu pakub ja haldab ESTO AS.<\/span><\/i><\/p>\n<p><b>MIS ON ESTO? <\/b><span style=\"font-weight: 400;\">ESTO on finantsteenuseid pakkuv ettev\u00f5te, mille algusaeg ulatub aastasse 2016. Br\u00e4nd sai alguse vajadusest uue generatsiooni makselahenduste j\u00e4rele, mis oleksid sobilikud nii l\u00f5pptarbijale kui ka m\u00fc\u00fcjale. T\u00e4na pakub ESTO k\u00f5ige suuremat valikut erinevaid makselahendusi Baltikumis ning ESTO partnerv\u00f5rgustikku kuulub \u00fcle 2600 koost\u00f6\u00f6partneri ja kaupluse ning \u00fcle 300 000 kliendi.\u00a0<\/span><\/p>\n<p><span style=\"font-weight: 400;\">Tutvu tingimustega siin: <\/span><a href=\"http:\/\/www.esto.ee\"><span style=\"font-weight: 400;\">www.esto.ee<\/span><\/a><\/p>\n<p><span style=\"font-weight: 400;\">Vajadusel kontakteeruge ESTO AS t\u00f6\u00f6tajaga &#8211; <\/span><a href=\"mailto:info@esto.ee\"><span style=\"font-weight: 400;\">info@esto.ee<\/span><\/a><span style=\"font-weight: 400;\"> v\u00f5i <\/span><a href=\"http:\/\/www.esto.ee\"><span style=\"font-weight: 400;\">www.esto.ee<\/span><\/a><span style=\"font-weight: 400;\"> LIVE chat-aknas.<\/span><\/p>\n<hr \/>\n<h2>ESTO 3 makseviis on innovatiivne lahendus, mis v\u00f5imaldab ostu kinnitada ja tasuda mugavalt ning kiirelt \u2013 kolmes v\u00f5rdses osas, ilma lisatasudeta!<\/h2>\n<p><span style=\"font-weight: 400;\">ESTO 3 on populaarseim uue p\u00f5lvkonna makseviis. Jaota ostusumma mugavalt 3-ks v\u00f5rdseks osaks. Saa t\u00e4pselt, mida vajad ilma intressi, lisatasu ja sissemakseta.\u00a0<\/span><\/p>\n<p><span style=\"font-weight: 400;\">Kasuta ESTO 3-osalist makseviisi e-poodides ja f\u00fc\u00fcsilistes kauplustes.\u00a0<\/span><\/p>\n<p><span style=\"font-weight: 400;\">K\u00f5ik ESTO partnerpoed leiad ESTO Marketist: <\/span><a href=\"https:\/\/esto.eu\/ee\/esto-market?lang=et\"><span style=\"font-weight: 400;\">https:\/\/esto.eu\/ee\/esto-market<\/span><\/a><\/p>\n<p><b>Kuidas see toimib?<\/b><b><br \/>\n<\/b><span style=\"font-weight: 400;\">Valides ESTO 3 makseviisiks saad jagada kogu makse 3-ks v\u00f5rdseks osaks 3 kuu peale ilma igasuguste tasudeta.\u00a0<\/span><\/p>\n<ol>\n<li style=\"font-weight: 400;\" aria-level=\"1\"><span style=\"font-weight: 400;\">Lisa vajalikud tooted ostukorvi.<\/span><\/li>\n<li style=\"font-weight: 400;\" aria-level=\"1\"><span style=\"font-weight: 400;\">Vali kassas ESTO 3 makseviisiks.<\/span><\/li>\n<li style=\"font-weight: 400;\" aria-level=\"1\"><span style=\"font-weight: 400;\">Otsuse saad reaalajas.\u00a0<\/span><\/li>\n<li style=\"font-weight: 400;\" aria-level=\"1\"><span style=\"font-weight: 400;\">Positiivse otsuse korral kinnita ost.\u00a0<\/span><\/li>\n<li style=\"font-weight: 400;\" aria-level=\"1\"><span style=\"font-weight: 400;\">ESTO saadab sulle sinu esimese arve j\u00e4rgmise kuu 15. kuup\u00e4eval.<img decoding=\"async\" src=\"https:\/\/grillimaailm-outlet.ee\/wp-content\/uploads\/2024\/06\/ESTO-3-1.png\" \/><\/span><\/li>\n<\/ol>\n<p><span style=\"font-weight: 400;\">Finantsteenust pakub ESTO AS. Enne lepingu s\u00f5lmimist tutvu tingimustega ja vajaduse korral pea n\u00f5u asjatundjaga. Lisainfo www.esto.ee.\u00a0<\/span><\/p>\n<p><b>MIS ON ESTO?<\/b><b><br \/>\n<\/b><span style=\"font-weight: 400;\">ESTO on eelistatuim makselahenduste pakkuja Baltikumis, muutes kaupmeeste m\u00fc\u00fcgi- ja tarbijate ostukogemuse revolutsiooniliselt lihtsaks ning sujuvaks. ESTO&#8217;l on \u00fcle Baltikumi pea 500 000 aktiivset klienti ning \u00fcle 3000 partnerpoe. ESTO missioon on aidata partneritel m\u00fc\u00fca ja klientidel osta.<\/span><\/p>\n<p><span style=\"font-weight: 400;\">Kui vajad abi, v\u00f5ta \u00fchendust ESTO AS t\u00f6\u00f6tajaga info@esto.ee v\u00f5i k\u00fclasta <\/span><a href=\"https:\/\/esto.eu\/ee\/kliendile-klienditugi\"><span style=\"font-weight: 400;\">https:\/\/esto.eu\/ee\/kliendile-klienditugi<\/span><\/a><span style=\"font-weight: 400;\">. <\/span><\/p>\n<hr \/>\n<h2>Ole nutikas ja vali ostude eest tasumiseks ESTO Maksa Hiljem!<\/h2>\n<p>ESTO Maksa hiljem on uus viis ostude eest tasumiseks. Ostusumma j\u00e4\u00e4b sulle kasutada, maksma pead alles 30 p\u00e4eva jooksul. Saa t\u00e4pselt, mida vajad ilma intressi, lisatasu ja sissemakseta.<\/p>\n<p>Kasuta ESTO maksa hiljem makseviisi e-poodides ja f\u00fc\u00fcsilistes kauplustes. K\u00f5ik ESTO partnerpoed leiad ESTO Market-ist:\u00a0<a href=\"https:\/\/esto.eu\/ee\/esto-market?lang=et\">https:\/\/esto.eu\/ee\/esto-market<\/a><\/p>\n<p><b>Kuidas see toimib?<\/b><\/p>\n<p><span style=\"font-weight: 400;\">Valides ESTO Maksa hiljem makseviisiks, kinnitatakse tellimus viivitamatult, kuid kohe maksma ei pea, sest makset\u00e4htaeg on 30 p\u00e4eva p\u00e4rast.\u00a0<\/span><\/p>\n<ol>\n<li style=\"font-weight: 400;\" aria-level=\"1\"><span style=\"font-weight: 400;\">Lisa vajalikud tooted ostukorvi.<\/span><\/li>\n<li style=\"font-weight: 400;\" aria-level=\"1\"><span style=\"font-weight: 400;\">Vali kassas ESTO maksa hiljem makseviisiks.<\/span><\/li>\n<li style=\"font-weight: 400;\" aria-level=\"1\"><span style=\"font-weight: 400;\">Otsuse saad reaalajas.<\/span><\/li>\n<li style=\"font-weight: 400;\" aria-level=\"1\"><span style=\"font-weight: 400;\">Positiivse otsuse korral kinnita ost.\u00a0<\/span><\/li>\n<li style=\"font-weight: 400;\" aria-level=\"1\"><span style=\"font-weight: 400;\">ESTO saadab sulle arve, mis tuleb tasuda t\u00e4issummas 30 p\u00e4eva jooksul.\u00a0<\/span><\/li>\n<\/ol>\n<p><img decoding=\"async\" src=\"https:\/\/grillimaailm-outlet.ee\/wp-content\/uploads\/2024\/06\/Pay-Later_ee.png\" \/><\/p>\n<p><strong>Maksa hiljem makseviisi pakub ja haldab ESTO AS.<\/strong><\/p>\n<p><strong>MIS ON ESTO?<\/strong> ESTO on finantsteenuseid pakkuv ettev\u00f5te, mille algusaeg ulatub aastasse 2016. Br\u00e4nd sai alguse vajadusest uue generatsiooni makselahenduste j\u00e4rele, mis oleksid sobilikud nii l\u00f5pptarbijale kui ka m\u00fc\u00fcjale. T\u00e4na pakub ESTO k\u00f5ige suuremat valikut erinevaid makselahendusi Baltikumis ning ESTO partnerv\u00f5rgustikku kuulub \u00fcle 2600 koost\u00f6\u00f6partneri ja kaupluse ning \u00fcle 300 000 kliendi. Tutvu tingimustega siin: www.esto.ee<\/p>\n<p>Vajadusel kontakteeruge ESTO AS t\u00f6\u00f6tajaga &#8211; info@esto.ee v\u00f5i www.esto.ee LIVE chat-aknas.<\/p>\n<\/div><\/div><\/div><\/div><\/div>","protected":false},"excerpt":{"rendered":"","protected":false},"author":156,"featured_media":0,"parent":0,"menu_order":0,"comment_status":"closed","ping_status":"closed","template":"","meta":{"footnotes":""},"class_list":["post-29388","page","type-page","status-publish","hentry"],"yoast_head":"<!-- This site is optimized with the Yoast SEO plugin v27.4 - https:\/\/yoast.com\/product\/yoast-seo-wordpress\/ -->\n<title>Esto Makseviisid - Kuldan<\/title>\n<meta name=\"robots\" content=\"index, follow, max-snippet:-1, max-image-preview:large, max-video-preview:-1\" \/>\n<link rel=\"canonical\" href=\"https:\/\/kuldan.ee\/ru\/esto-makseviisid\/\" \/>\n<meta property=\"og:locale\" content=\"ru_RU\" \/>\n<meta property=\"og:type\" content=\"article\" \/>\n<meta property=\"og:title\" content=\"Esto Makseviisid - Kuldan\" \/>\n<meta property=\"og:url\" content=\"https:\/\/kuldan.ee\/ru\/esto-makseviisid\/\" \/>\n<meta property=\"og:site_name\" content=\"Kuldan\" \/>\n<meta property=\"article:publisher\" content=\"https:\/\/www.facebook.com\/kuldanluxury\" \/>\n<meta property=\"article:modified_time\" content=\"2025-01-23T12:32:59+00:00\" \/>\n<meta property=\"og:image\" content=\"https:\/\/kuldan.ee\/wp-content\/uploads\/2020\/08\/kuldan_j\u00e4relmaks.png\" \/>\n\t<meta property=\"og:image:width\" content=\"290\" \/>\n\t<meta property=\"og:image:height\" content=\"183\" \/>\n\t<meta property=\"og:image:type\" content=\"image\/png\" \/>\n<meta name=\"twitter:card\" content=\"summary_large_image\" \/>\n<meta name=\"twitter:label1\" content=\"\u041f\u0440\u0438\u043c\u0435\u0440\u043d\u043e\u0435 \u0432\u0440\u0435\u043c\u044f \u0434\u043b\u044f \u0447\u0442\u0435\u043d\u0438\u044f\" \/>\n\t<meta name=\"twitter:data1\" content=\"3 \u043c\u0438\u043d\u0443\u0442\u044b\" \/>\n<script type=\"application\/ld+json\" class=\"yoast-schema-graph\">{\"@context\":\"https:\\\/\\\/schema.org\",\"@graph\":[{\"@type\":\"WebPage\",\"@id\":\"https:\\\/\\\/kuldan.ee\\\/esto-makseviisid\\\/\",\"url\":\"https:\\\/\\\/kuldan.ee\\\/esto-makseviisid\\\/\",\"name\":\"Esto Makseviisid - Kuldan\",\"isPartOf\":{\"@id\":\"https:\\\/\\\/kuldan.ee\\\/#website\"},\"primaryImageOfPage\":{\"@id\":\"https:\\\/\\\/kuldan.ee\\\/esto-makseviisid\\\/#primaryimage\"},\"image\":{\"@id\":\"https:\\\/\\\/kuldan.ee\\\/esto-makseviisid\\\/#primaryimage\"},\"thumbnailUrl\":\"https:\\\/\\\/kuldan.ee\\\/wp-content\\\/uploads\\\/2020\\\/08\\\/kuldan_j%C3%A4relmaks.png\",\"datePublished\":\"2024-01-09T14:02:40+00:00\",\"dateModified\":\"2025-01-23T12:32:59+00:00\",\"breadcrumb\":{\"@id\":\"https:\\\/\\\/kuldan.ee\\\/esto-makseviisid\\\/#breadcrumb\"},\"inLanguage\":\"ru-RU\",\"potentialAction\":[{\"@type\":\"ReadAction\",\"target\":[\"https:\\\/\\\/kuldan.ee\\\/esto-makseviisid\\\/\"]}]},{\"@type\":\"ImageObject\",\"inLanguage\":\"ru-RU\",\"@id\":\"https:\\\/\\\/kuldan.ee\\\/esto-makseviisid\\\/#primaryimage\",\"url\":\"https:\\\/\\\/kuldan.ee\\\/wp-content\\\/uploads\\\/2020\\\/08\\\/kuldan_j%C3%A4relmaks.png\",\"contentUrl\":\"https:\\\/\\\/kuldan.ee\\\/wp-content\\\/uploads\\\/2020\\\/08\\\/kuldan_j%C3%A4relmaks.png\"},{\"@type\":\"BreadcrumbList\",\"@id\":\"https:\\\/\\\/kuldan.ee\\\/esto-makseviisid\\\/#breadcrumb\",\"itemListElement\":[{\"@type\":\"ListItem\",\"position\":1,\"name\":\"Home\",\"item\":\"https:\\\/\\\/kuldan.ee\\\/\"},{\"@type\":\"ListItem\",\"position\":2,\"name\":\"Esto Makseviisid\"}]},{\"@type\":\"WebSite\",\"@id\":\"https:\\\/\\\/kuldan.ee\\\/#website\",\"url\":\"https:\\\/\\\/kuldan.ee\\\/\",\"name\":\"Kuldan\",\"description\":\"Parimad teemantid parimate hindadega\",\"publisher\":{\"@id\":\"https:\\\/\\\/kuldan.ee\\\/#organization\"},\"potentialAction\":[{\"@type\":\"SearchAction\",\"target\":{\"@type\":\"EntryPoint\",\"urlTemplate\":\"https:\\\/\\\/kuldan.ee\\\/?s={search_term_string}\"},\"query-input\":{\"@type\":\"PropertyValueSpecification\",\"valueRequired\":true,\"valueName\":\"search_term_string\"}}],\"inLanguage\":\"ru-RU\"},{\"@type\":\"Organization\",\"@id\":\"https:\\\/\\\/kuldan.ee\\\/#organization\",\"name\":\"Kuldan\",\"url\":\"https:\\\/\\\/kuldan.ee\\\/\",\"logo\":{\"@type\":\"ImageObject\",\"inLanguage\":\"ru-RU\",\"@id\":\"https:\\\/\\\/kuldan.ee\\\/#\\\/schema\\\/logo\\\/image\\\/\",\"url\":\"https:\\\/\\\/kuldan.ee\\\/wp-content\\\/uploads\\\/2023\\\/09\\\/kuldan_logo.png\",\"contentUrl\":\"https:\\\/\\\/kuldan.ee\\\/wp-content\\\/uploads\\\/2023\\\/09\\\/kuldan_logo.png\",\"width\":842,\"height\":595,\"caption\":\"Kuldan\"},\"image\":{\"@id\":\"https:\\\/\\\/kuldan.ee\\\/#\\\/schema\\\/logo\\\/image\\\/\"},\"sameAs\":[\"https:\\\/\\\/www.facebook.com\\\/kuldanluxury\",\"https:\\\/\\\/www.instagram.com\\\/kuldan_jewelry\\\/\"]}]}<\/script>\n<!-- \/ Yoast SEO plugin. -->","yoast_head_json":{"title":"Esto Makseviisid - Kuldan","robots":{"index":"index","follow":"follow","max-snippet":"max-snippet:-1","max-image-preview":"max-image-preview:large","max-video-preview":"max-video-preview:-1"},"canonical":"https:\/\/kuldan.ee\/ru\/esto-makseviisid\/","og_locale":"ru_RU","og_type":"article","og_title":"Esto Makseviisid - Kuldan","og_url":"https:\/\/kuldan.ee\/ru\/esto-makseviisid\/","og_site_name":"Kuldan","article_publisher":"https:\/\/www.facebook.com\/kuldanluxury","article_modified_time":"2025-01-23T12:32:59+00:00","og_image":[{"width":290,"height":183,"url":"https:\/\/kuldan.ee\/wp-content\/uploads\/2020\/08\/kuldan_j\u00e4relmaks.png","type":"image\/png"}],"twitter_card":"summary_large_image","twitter_misc":{"\u041f\u0440\u0438\u043c\u0435\u0440\u043d\u043e\u0435 \u0432\u0440\u0435\u043c\u044f \u0434\u043b\u044f \u0447\u0442\u0435\u043d\u0438\u044f":"3 \u043c\u0438\u043d\u0443\u0442\u044b"},"schema":{"@context":"https:\/\/schema.org","@graph":[{"@type":"WebPage","@id":"https:\/\/kuldan.ee\/esto-makseviisid\/","url":"https:\/\/kuldan.ee\/esto-makseviisid\/","name":"Esto Makseviisid - Kuldan","isPartOf":{"@id":"https:\/\/kuldan.ee\/#website"},"primaryImageOfPage":{"@id":"https:\/\/kuldan.ee\/esto-makseviisid\/#primaryimage"},"image":{"@id":"https:\/\/kuldan.ee\/esto-makseviisid\/#primaryimage"},"thumbnailUrl":"https:\/\/kuldan.ee\/wp-content\/uploads\/2020\/08\/kuldan_j%C3%A4relmaks.png","datePublished":"2024-01-09T14:02:40+00:00","dateModified":"2025-01-23T12:32:59+00:00","breadcrumb":{"@id":"https:\/\/kuldan.ee\/esto-makseviisid\/#breadcrumb"},"inLanguage":"ru-RU","potentialAction":[{"@type":"ReadAction","target":["https:\/\/kuldan.ee\/esto-makseviisid\/"]}]},{"@type":"ImageObject","inLanguage":"ru-RU","@id":"https:\/\/kuldan.ee\/esto-makseviisid\/#primaryimage","url":"https:\/\/kuldan.ee\/wp-content\/uploads\/2020\/08\/kuldan_j%C3%A4relmaks.png","contentUrl":"https:\/\/kuldan.ee\/wp-content\/uploads\/2020\/08\/kuldan_j%C3%A4relmaks.png"},{"@type":"BreadcrumbList","@id":"https:\/\/kuldan.ee\/esto-makseviisid\/#breadcrumb","itemListElement":[{"@type":"ListItem","position":1,"name":"Home","item":"https:\/\/kuldan.ee\/"},{"@type":"ListItem","position":2,"name":"Esto Makseviisid"}]},{"@type":"WebSite","@id":"https:\/\/kuldan.ee\/#website","url":"https:\/\/kuldan.ee\/","name":"Kuldan","description":"Parimad teemantid parimate hindadega","publisher":{"@id":"https:\/\/kuldan.ee\/#organization"},"potentialAction":[{"@type":"SearchAction","target":{"@type":"EntryPoint","urlTemplate":"https:\/\/kuldan.ee\/?s={search_term_string}"},"query-input":{"@type":"PropertyValueSpecification","valueRequired":true,"valueName":"search_term_string"}}],"inLanguage":"ru-RU"},{"@type":"Organization","@id":"https:\/\/kuldan.ee\/#organization","name":"Kuldan","url":"https:\/\/kuldan.ee\/","logo":{"@type":"ImageObject","inLanguage":"ru-RU","@id":"https:\/\/kuldan.ee\/#\/schema\/logo\/image\/","url":"https:\/\/kuldan.ee\/wp-content\/uploads\/2023\/09\/kuldan_logo.png","contentUrl":"https:\/\/kuldan.ee\/wp-content\/uploads\/2023\/09\/kuldan_logo.png","width":842,"height":595,"caption":"Kuldan"},"image":{"@id":"https:\/\/kuldan.ee\/#\/schema\/logo\/image\/"},"sameAs":["https:\/\/www.facebook.com\/kuldanluxury","https:\/\/www.instagram.com\/kuldan_jewelry\/"]}]}},"_links":{"self":[{"href":"https:\/\/kuldan.ee\/ru\/wp-json\/wp\/v2\/pages\/29388","targetHints":{"allow":["GET"]}}],"collection":[{"href":"https:\/\/kuldan.ee\/ru\/wp-json\/wp\/v2\/pages"}],"about":[{"href":"https:\/\/kuldan.ee\/ru\/wp-json\/wp\/v2\/types\/page"}],"author":[{"embeddable":true,"href":"https:\/\/kuldan.ee\/ru\/wp-json\/wp\/v2\/users\/156"}],"replies":[{"embeddable":true,"href":"https:\/\/kuldan.ee\/ru\/wp-json\/wp\/v2\/comments?post=29388"}],"version-history":[{"count":2,"href":"https:\/\/kuldan.ee\/ru\/wp-json\/wp\/v2\/pages\/29388\/revisions"}],"predecessor-version":[{"id":29531,"href":"https:\/\/kuldan.ee\/ru\/wp-json\/wp\/v2\/pages\/29388\/revisions\/29531"}],"wp:attachment":[{"href":"https:\/\/kuldan.ee\/ru\/wp-json\/wp\/v2\/media?parent=29388"}],"curies":[{"name":"wp","href":"https:\/\/api.w.org\/{rel}","templated":true}]}}