{"id":20936,"date":"2020-09-10T13:26:35","date_gmt":"2020-09-10T10:26:35","guid":{"rendered":"https:\/\/kuldan.ee\/?page_id=20936"},"modified":"2023-12-21T13:30:33","modified_gmt":"2023-12-21T11:30:33","slug":"arvustused","status":"publish","type":"page","link":"https:\/\/kuldan.ee\/ru\/arvustused\/","title":{"rendered":"\u041e\u0442\u0437\u044b\u0432\u044b"},"content":{"rendered":"<div class=\"fusion-fullwidth fullwidth-box fusion-builder-row-1 nonhundred-percent-fullwidth non-hundred-percent-height-scrolling\" style=\"--awb-border-radius-top-left:0px;--awb-border-radius-top-right:0px;--awb-border-radius-bottom-right:0px;--awb-border-radius-bottom-left:0px;--awb-flex-wrap:wrap;\" ><div class=\"fusion-builder-row fusion-row\"><div class=\"fusion-layout-column fusion_builder_column fusion-builder-column-0 fusion_builder_column_1_1 1_1 fusion-one-full fusion-column-first fusion-column-last\" style=\"--awb-bg-size:cover;\"><div class=\"fusion-column-wrapper fusion-column-has-shadow fusion-flex-column-wrapper-legacy\"><div class=\"fusion-title title fusion-title-1 fusion-sep-none fusion-title-text fusion-title-size-one\" style=\"--awb-margin-top-small:0px;--awb-margin-right-small:0px;--awb-margin-bottom-small:20px;--awb-margin-left-small:0px;\"><h1 class=\"fusion-title-heading title-heading-left\" style=\"margin:0;\"><h1>\u041e\u0442\u0437\u044b\u0432\u044b<\/h1><\/h1><\/div><div class=\"fusion-testimonials clean awb-speech-bubble-show fusion-testimonials-1\" style=\"--awb-textcolor:#747474;--awb-backgroundcolor:#f6f6f6;--awb-testimonial-border-style:solid;--awb-testimonial-border-color:var(--awb-color3);--awb-navigation-size:12px;--awb-border-top-left-radius:0px;--awb-border-top-right-radius:0px;--awb-border-bottom-left-radius:0px;--awb-border-bottom-right-radius:0px;--testimonial-border-width-top:0px;--testimonial-border-width-right:0px;--testimonial-border-width-bottom:0px;--testimonial-border-width-left:0px;\" data-random=\"0\" data-speed=\"4000\"><div class=\"reviews\"><div class=\"review active-testimonial avatar-above no-avatar\"><blockquote class=\"testimonials-shortcode-blockquote\"><div class=\"awb-quote\"><div class=\"awb-quote-content\">\n<p>Minu soovitud k\u00f5rvar\u00f5ngad olid j\u00e4reltellimisel ja ma sain need v\u00e4ga ruttu k\u00e4tte. Olen rahul!<\/p>\n<\/div><\/div><\/blockquote><div class=\"author\"><span class=\"company-name\"><strong>Julia<\/strong><\/span><\/div><\/div><div class=\"review avatar-above no-avatar\"><blockquote class=\"testimonials-shortcode-blockquote\"><div class=\"awb-quote\"><div class=\"awb-quote-content\">\n<p>Parimad hinnad, hea kvaliteet!<\/p>\n<\/div><\/div><\/blockquote><div class=\"author\"><span class=\"company-name\"><strong>Heli-Moonika<\/strong><\/span><\/div><\/div><div class=\"review avatar-above no-avatar\"><blockquote class=\"testimonials-shortcode-blockquote\"><div class=\"awb-quote\"><div class=\"awb-quote-content\">\n<p>Parim koht briljantide ostmiseks!<\/p>\n<\/div><\/div><\/blockquote><div class=\"author\"><span class=\"company-name\"><strong>Maria<\/strong><\/span><\/div><\/div><div class=\"review avatar-above no-avatar\"><blockquote class=\"testimonials-shortcode-blockquote\"><div class=\"awb-quote\"><div class=\"awb-quote-content\">\n<p>K\u00f5ige mugavam koht ehete ostmiseks.<\/p>\n<\/div><\/div><\/blockquote><div class=\"author\"><span class=\"company-name\"><strong>Taimi Kask<\/strong><\/span><\/div><\/div><div class=\"review avatar-above no-avatar\"><blockquote class=\"testimonials-shortcode-blockquote\"><div class=\"awb-quote\"><div class=\"awb-quote-content\">\n<p>Fast and secure shipping, the quality is very high and my wife and I are very pleased with the sapphire bracelet we ordered.<\/p>\n<\/div><\/div><\/blockquote><div class=\"author\"><span class=\"company-name\"><strong>Elias Fischer<\/strong><\/span><\/div><\/div><div class=\"review avatar-above no-avatar\"><blockquote class=\"testimonials-shortcode-blockquote\"><div class=\"awb-quote\"><div class=\"awb-quote-content\">\n<p>\u041e\u0447\u0435\u043d\u044c \u043f\u0440\u043e\u0441\u0442\u043e \u0438 \u0443\u0434\u043e\u0431\u043d\u043e \u043d\u0430\u0439\u0442\u0438 \u0442\u043e, \u0447\u0442\u043e \u0438\u0449\u0435\u0442\u0435.<\/p>\n<\/div><\/div><\/blockquote><div class=\"author\"><span class=\"company-name\"><strong>\u0415\u043b\u0438\u0437\u043e\u0432\u0435\u0442\u0430 <\/strong><\/span><\/div><\/div><div class=\"review avatar-above no-avatar\"><blockquote class=\"testimonials-shortcode-blockquote\"><div class=\"awb-quote\"><div class=\"awb-quote-content\">\n<p>Literally the best jewelry website, no-nonsense, just quick and easy. The customer support was super nice too. Diamond quality is as stated and I am very happy with my purchase.<\/p>\n<\/div><\/div><\/blockquote><div class=\"author\"><span class=\"company-name\"><strong>Brian<\/strong><\/span><\/div><\/div><div class=\"review avatar-above no-avatar\"><blockquote class=\"testimonials-shortcode-blockquote\"><div class=\"awb-quote\"><div class=\"awb-quote-content\">\n<p>Minu tellitud smaragdk\u00f5rvar\u00f5ngad on lihtsalt h\u00fcpnotiseerivad.<\/p>\n<\/div><\/div><\/blockquote><div class=\"author\"><span class=\"company-name\"><strong>Mark Koppel<\/strong><\/span><\/div><\/div><div class=\"review avatar-above no-avatar\"><blockquote class=\"testimonials-shortcode-blockquote\"><div class=\"awb-quote\"><div class=\"awb-quote-content\">\n<p>Suurem valik k\u00e4ev\u00f5rude osas oleks suurep\u00e4rane<\/p>\n<\/div><\/div><\/blockquote><div class=\"author\"><span class=\"company-name\"><strong>Andres<\/strong><\/span><\/div><\/div><div class=\"review avatar-above no-avatar\"><blockquote class=\"testimonials-shortcode-blockquote\"><div class=\"awb-quote\"><div class=\"awb-quote-content\">\n<p>Kuldani kaupluse prouad pakuvad maailmaklassi teenindust. Nad suudavad lasta kliendil ise valida ja sekkuvad t\u00e4pselt \u00f5igel momendil. Viimase poole aasta jooksul juba teine t\u00e4pselt sama kogemus.<br \/>\nSoe, viisakas ja lugupidav &#8211; lihtsalt super teenindus.<\/p>\n<\/div><\/div><\/blockquote><div class=\"author\"><span class=\"company-name\"><strong>Kristel<\/strong><\/span><\/div><\/div><\/div><div class=\"testimonial-pagination\" id=\"fusion-testimonials-1\"><a href=\"#\" aria-label=\"Testimonial Pagination\"  class=\"activeSlide\"><\/a><a href=\"#\" aria-label=\"Testimonial Pagination\" ><\/a><a href=\"#\" aria-label=\"Testimonial Pagination\" ><\/a><a href=\"#\" aria-label=\"Testimonial Pagination\" ><\/a><a href=\"#\" aria-label=\"Testimonial Pagination\" ><\/a><a href=\"#\" aria-label=\"Testimonial Pagination\" ><\/a><a href=\"#\" aria-label=\"Testimonial Pagination\" ><\/a><a href=\"#\" aria-label=\"Testimonial Pagination\" ><\/a><a href=\"#\" aria-label=\"Testimonial Pagination\" ><\/a><a href=\"#\" aria-label=\"Testimonial Pagination\" ><\/a><\/div><\/div><div class=\"fusion-clearfix\"><\/div><\/div><\/div><\/div><\/div>","protected":false},"excerpt":{"rendered":"","protected":false},"author":6,"featured_media":0,"parent":0,"menu_order":0,"comment_status":"closed","ping_status":"closed","template":"","meta":{"footnotes":""},"class_list":["post-20936","page","type-page","status-publish","hentry"],"yoast_head":"<!-- This site is optimized with the Yoast SEO plugin v27.4 - https:\/\/yoast.com\/product\/yoast-seo-wordpress\/ -->\n<title>Arvustused - Kuldan<\/title>\n<meta name=\"robots\" content=\"index, follow, max-snippet:-1, max-image-preview:large, max-video-preview:-1\" \/>\n<link rel=\"canonical\" href=\"https:\/\/kuldan.ee\/ru\/arvustused\/\" \/>\n<meta property=\"og:locale\" content=\"ru_RU\" \/>\n<meta property=\"og:type\" content=\"article\" \/>\n<meta property=\"og:title\" content=\"Arvustused - Kuldan\" \/>\n<meta property=\"og:url\" content=\"https:\/\/kuldan.ee\/ru\/arvustused\/\" \/>\n<meta property=\"og:site_name\" content=\"Kuldan\" \/>\n<meta property=\"article:publisher\" content=\"https:\/\/www.facebook.com\/kuldanluxury\" \/>\n<meta property=\"article:modified_time\" content=\"2023-12-21T11:30:33+00:00\" \/>\n<meta property=\"og:image\" content=\"https:\/\/kuldan.ee\/wp-content\/uploads\/2023\/09\/KULDAN_WP-1.jpg\" \/>\n\t<meta property=\"og:image:width\" content=\"1200\" \/>\n\t<meta property=\"og:image:height\" content=\"675\" \/>\n\t<meta property=\"og:image:type\" content=\"image\/jpeg\" \/>\n<meta name=\"twitter:card\" content=\"summary_large_image\" \/>\n<meta name=\"twitter:label1\" content=\"\u041f\u0440\u0438\u043c\u0435\u0440\u043d\u043e\u0435 \u0432\u0440\u0435\u043c\u044f \u0434\u043b\u044f \u0447\u0442\u0435\u043d\u0438\u044f\" \/>\n\t<meta name=\"twitter:data1\" content=\"1 \u043c\u0438\u043d\u0443\u0442\u0430\" \/>\n<script type=\"application\/ld+json\" class=\"yoast-schema-graph\">{\"@context\":\"https:\\\/\\\/schema.org\",\"@graph\":[{\"@type\":\"WebPage\",\"@id\":\"https:\\\/\\\/kuldan.ee\\\/arvustused\\\/\",\"url\":\"https:\\\/\\\/kuldan.ee\\\/arvustused\\\/\",\"name\":\"Arvustused - Kuldan\",\"isPartOf\":{\"@id\":\"https:\\\/\\\/kuldan.ee\\\/#website\"},\"datePublished\":\"2020-09-10T10:26:35+00:00\",\"dateModified\":\"2023-12-21T11:30:33+00:00\",\"breadcrumb\":{\"@id\":\"https:\\\/\\\/kuldan.ee\\\/arvustused\\\/#breadcrumb\"},\"inLanguage\":\"ru-RU\",\"potentialAction\":[{\"@type\":\"ReadAction\",\"target\":[\"https:\\\/\\\/kuldan.ee\\\/arvustused\\\/\"]}]},{\"@type\":\"BreadcrumbList\",\"@id\":\"https:\\\/\\\/kuldan.ee\\\/arvustused\\\/#breadcrumb\",\"itemListElement\":[{\"@type\":\"ListItem\",\"position\":1,\"name\":\"Home\",\"item\":\"https:\\\/\\\/kuldan.ee\\\/\"},{\"@type\":\"ListItem\",\"position\":2,\"name\":\"Arvustused\"}]},{\"@type\":\"WebSite\",\"@id\":\"https:\\\/\\\/kuldan.ee\\\/#website\",\"url\":\"https:\\\/\\\/kuldan.ee\\\/\",\"name\":\"Kuldan\",\"description\":\"Parimad teemantid parimate hindadega\",\"publisher\":{\"@id\":\"https:\\\/\\\/kuldan.ee\\\/#organization\"},\"potentialAction\":[{\"@type\":\"SearchAction\",\"target\":{\"@type\":\"EntryPoint\",\"urlTemplate\":\"https:\\\/\\\/kuldan.ee\\\/?s={search_term_string}\"},\"query-input\":{\"@type\":\"PropertyValueSpecification\",\"valueRequired\":true,\"valueName\":\"search_term_string\"}}],\"inLanguage\":\"ru-RU\"},{\"@type\":\"Organization\",\"@id\":\"https:\\\/\\\/kuldan.ee\\\/#organization\",\"name\":\"Kuldan\",\"url\":\"https:\\\/\\\/kuldan.ee\\\/\",\"logo\":{\"@type\":\"ImageObject\",\"inLanguage\":\"ru-RU\",\"@id\":\"https:\\\/\\\/kuldan.ee\\\/#\\\/schema\\\/logo\\\/image\\\/\",\"url\":\"https:\\\/\\\/kuldan.ee\\\/wp-content\\\/uploads\\\/2023\\\/09\\\/kuldan_logo.png\",\"contentUrl\":\"https:\\\/\\\/kuldan.ee\\\/wp-content\\\/uploads\\\/2023\\\/09\\\/kuldan_logo.png\",\"width\":842,\"height\":595,\"caption\":\"Kuldan\"},\"image\":{\"@id\":\"https:\\\/\\\/kuldan.ee\\\/#\\\/schema\\\/logo\\\/image\\\/\"},\"sameAs\":[\"https:\\\/\\\/www.facebook.com\\\/kuldanluxury\",\"https:\\\/\\\/www.instagram.com\\\/kuldan_jewelry\\\/\"]}]}<\/script>\n<!-- \/ Yoast SEO plugin. -->","yoast_head_json":{"title":"Arvustused - Kuldan","robots":{"index":"index","follow":"follow","max-snippet":"max-snippet:-1","max-image-preview":"max-image-preview:large","max-video-preview":"max-video-preview:-1"},"canonical":"https:\/\/kuldan.ee\/ru\/arvustused\/","og_locale":"ru_RU","og_type":"article","og_title":"Arvustused - Kuldan","og_url":"https:\/\/kuldan.ee\/ru\/arvustused\/","og_site_name":"Kuldan","article_publisher":"https:\/\/www.facebook.com\/kuldanluxury","article_modified_time":"2023-12-21T11:30:33+00:00","og_image":[{"width":1200,"height":675,"url":"https:\/\/kuldan.ee\/wp-content\/uploads\/2023\/09\/KULDAN_WP-1.jpg","type":"image\/jpeg"}],"twitter_card":"summary_large_image","twitter_misc":{"\u041f\u0440\u0438\u043c\u0435\u0440\u043d\u043e\u0435 \u0432\u0440\u0435\u043c\u044f \u0434\u043b\u044f \u0447\u0442\u0435\u043d\u0438\u044f":"1 \u043c\u0438\u043d\u0443\u0442\u0430"},"schema":{"@context":"https:\/\/schema.org","@graph":[{"@type":"WebPage","@id":"https:\/\/kuldan.ee\/arvustused\/","url":"https:\/\/kuldan.ee\/arvustused\/","name":"Arvustused - Kuldan","isPartOf":{"@id":"https:\/\/kuldan.ee\/#website"},"datePublished":"2020-09-10T10:26:35+00:00","dateModified":"2023-12-21T11:30:33+00:00","breadcrumb":{"@id":"https:\/\/kuldan.ee\/arvustused\/#breadcrumb"},"inLanguage":"ru-RU","potentialAction":[{"@type":"ReadAction","target":["https:\/\/kuldan.ee\/arvustused\/"]}]},{"@type":"BreadcrumbList","@id":"https:\/\/kuldan.ee\/arvustused\/#breadcrumb","itemListElement":[{"@type":"ListItem","position":1,"name":"Home","item":"https:\/\/kuldan.ee\/"},{"@type":"ListItem","position":2,"name":"Arvustused"}]},{"@type":"WebSite","@id":"https:\/\/kuldan.ee\/#website","url":"https:\/\/kuldan.ee\/","name":"Kuldan","description":"Parimad teemantid parimate hindadega","publisher":{"@id":"https:\/\/kuldan.ee\/#organization"},"potentialAction":[{"@type":"SearchAction","target":{"@type":"EntryPoint","urlTemplate":"https:\/\/kuldan.ee\/?s={search_term_string}"},"query-input":{"@type":"PropertyValueSpecification","valueRequired":true,"valueName":"search_term_string"}}],"inLanguage":"ru-RU"},{"@type":"Organization","@id":"https:\/\/kuldan.ee\/#organization","name":"Kuldan","url":"https:\/\/kuldan.ee\/","logo":{"@type":"ImageObject","inLanguage":"ru-RU","@id":"https:\/\/kuldan.ee\/#\/schema\/logo\/image\/","url":"https:\/\/kuldan.ee\/wp-content\/uploads\/2023\/09\/kuldan_logo.png","contentUrl":"https:\/\/kuldan.ee\/wp-content\/uploads\/2023\/09\/kuldan_logo.png","width":842,"height":595,"caption":"Kuldan"},"image":{"@id":"https:\/\/kuldan.ee\/#\/schema\/logo\/image\/"},"sameAs":["https:\/\/www.facebook.com\/kuldanluxury","https:\/\/www.instagram.com\/kuldan_jewelry\/"]}]}},"_links":{"self":[{"href":"https:\/\/kuldan.ee\/ru\/wp-json\/wp\/v2\/pages\/20936","targetHints":{"allow":["GET"]}}],"collection":[{"href":"https:\/\/kuldan.ee\/ru\/wp-json\/wp\/v2\/pages"}],"about":[{"href":"https:\/\/kuldan.ee\/ru\/wp-json\/wp\/v2\/types\/page"}],"author":[{"embeddable":true,"href":"https:\/\/kuldan.ee\/ru\/wp-json\/wp\/v2\/users\/6"}],"replies":[{"embeddable":true,"href":"https:\/\/kuldan.ee\/ru\/wp-json\/wp\/v2\/comments?post=20936"}],"version-history":[{"count":20,"href":"https:\/\/kuldan.ee\/ru\/wp-json\/wp\/v2\/pages\/20936\/revisions"}],"predecessor-version":[{"id":29379,"href":"https:\/\/kuldan.ee\/ru\/wp-json\/wp\/v2\/pages\/20936\/revisions\/29379"}],"wp:attachment":[{"href":"https:\/\/kuldan.ee\/ru\/wp-json\/wp\/v2\/media?parent=20936"}],"curies":[{"name":"wp","href":"https:\/\/api.w.org\/{rel}","templated":true}]}}