{"id":20881,"date":"2020-09-10T12:46:47","date_gmt":"2020-09-10T09:46:47","guid":{"rendered":"https:\/\/kuldan.ee\/?page_id=20881"},"modified":"2024-03-05T19:25:14","modified_gmt":"2024-03-05T17:25:14","slug":"kontakt","status":"publish","type":"page","link":"https:\/\/kuldan.ee\/ru\/kontakt\/","title":{"rendered":"\u041a\u043e\u043d\u0442\u0430\u043a\u0442\u044b"},"content":{"rendered":"<p><div class=\"fusion-fullwidth fullwidth-box fusion-builder-row-1 nonhundred-percent-fullwidth non-hundred-percent-height-scrolling\" style=\"--awb-border-radius-top-left:0px;--awb-border-radius-top-right:0px;--awb-border-radius-bottom-right:0px;--awb-border-radius-bottom-left:0px;--awb-flex-wrap:wrap;\" ><div class=\"fusion-builder-row fusion-row\"><div class=\"fusion-layout-column fusion_builder_column fusion-builder-column-0 fusion_builder_column_1_1 1_1 fusion-one-full fusion-column-first fusion-column-last\" style=\"--awb-bg-size:cover;\"><div class=\"fusion-column-wrapper fusion-column-has-shadow fusion-flex-column-wrapper-legacy\"><div class=\"fusion-text fusion-text-1\"><h1 style=\"text-align: center;\">Kuldan kauplused<\/h1>\n<\/div><div class=\"fusion-clearfix\"><\/div><\/div><\/div><div class=\"fusion-layout-column fusion_builder_column fusion-builder-column-1 fusion_builder_column_1_2 1_2 fusion-one-half fusion-column-first\" style=\"--awb-bg-size:cover;width:50%;width:calc(50% - ( ( 4% ) * 0.5 ) );margin-right: 4%;\"><div class=\"fusion-column-wrapper fusion-column-has-shadow fusion-flex-column-wrapper-legacy\"><div class=\"fusion-image-element fusion-image-align-center in-legacy-container\" style=\"text-align:center;--awb-caption-title-font-family:var(--h2_typography-font-family);--awb-caption-title-font-weight:var(--h2_typography-font-weight);--awb-caption-title-font-style:var(--h2_typography-font-style);--awb-caption-title-size:var(--h2_typography-font-size);--awb-caption-title-transform:var(--h2_typography-text-transform);--awb-caption-title-line-height:var(--h2_typography-line-height);--awb-caption-title-letter-spacing:var(--h2_typography-letter-spacing);\"><div class=\"imageframe-align-center\"><span class=\" fusion-imageframe imageframe-dropshadow imageframe-1 hover-type-none\" style=\"-webkit-box-shadow: 1px 1px 5px rgba(0,0,0,0.3);box-shadow: 1px 1px 5px rgba(0,0,0,0.3);\"><img decoding=\"async\" width=\"300\" height=\"200\" title=\"photo_2022-10-11_10-49-22\" src=\"https:\/\/kuldan.ee\/wp-content\/uploads\/2022\/09\/photo_2022-10-11_10-49-22-300x200.jpg\" alt class=\"img-responsive wp-image-28602\" srcset=\"https:\/\/kuldan.ee\/wp-content\/uploads\/2022\/09\/photo_2022-10-11_10-49-22-200x133.jpg 200w, https:\/\/kuldan.ee\/wp-content\/uploads\/2022\/09\/photo_2022-10-11_10-49-22-400x267.jpg 400w, https:\/\/kuldan.ee\/wp-content\/uploads\/2022\/09\/photo_2022-10-11_10-49-22-600x400.jpg 600w, https:\/\/kuldan.ee\/wp-content\/uploads\/2022\/09\/photo_2022-10-11_10-49-22-800x533.jpg 800w, https:\/\/kuldan.ee\/wp-content\/uploads\/2022\/09\/photo_2022-10-11_10-49-22-1200x800.jpg 1200w, https:\/\/kuldan.ee\/wp-content\/uploads\/2022\/09\/photo_2022-10-11_10-49-22.jpg 1280w\" sizes=\"(max-width: 800px) 100vw, 600px\" \/><\/span><\/div><\/div><div class=\"fusion-sep-clear\"><\/div><div class=\"fusion-separator fusion-full-width-sep\" style=\"margin-left: auto;margin-right: auto;margin-top:10px;margin-bottom:10px;width:100%;\"><div class=\"fusion-separator-border sep-double\" style=\"--awb-height:20px;--awb-amount:20px;border-color:rgba(255,252,252,0);border-top-width:0px;border-bottom-width:0px;\"><\/div><\/div><div class=\"fusion-sep-clear\"><\/div><div class=\"fusion-text fusion-text-2\"><p style=\"text-align: center;\"><strong>Kuldan Viru Keskus<\/strong><br \/>\nEsmasp\u00e4ev &#8211; P\u00fchap\u00e4ev 09:00-21:00<br \/>\nViru v\u00e4ljak 4, Tallinn<br \/>\n+372 555 129 41<br \/>\ninfo@kuldan.ee<\/p>\n<\/div><div class=\"fusion-clearfix\"><\/div><\/div><\/div><div class=\"fusion-layout-column fusion_builder_column fusion-builder-column-2 fusion_builder_column_1_2 1_2 fusion-one-half fusion-column-last\" style=\"--awb-bg-size:cover;width:50%;width:calc(50% - ( ( 4% ) * 0.5 ) );\"><div class=\"fusion-column-wrapper fusion-column-has-shadow fusion-flex-column-wrapper-legacy\"><div class=\"fusion-image-element fusion-image-align-center in-legacy-container\" style=\"text-align:center;--awb-caption-title-font-family:var(--h2_typography-font-family);--awb-caption-title-font-weight:var(--h2_typography-font-weight);--awb-caption-title-font-style:var(--h2_typography-font-style);--awb-caption-title-size:var(--h2_typography-font-size);--awb-caption-title-transform:var(--h2_typography-text-transform);--awb-caption-title-line-height:var(--h2_typography-line-height);--awb-caption-title-letter-spacing:var(--h2_typography-letter-spacing);\"><div class=\"imageframe-align-center\"><span class=\" fusion-imageframe imageframe-dropshadow imageframe-2 hover-type-none\" style=\"-webkit-box-shadow: 1px 1px 5px rgba(0,0,0,0.3);box-shadow: 1px 1px 5px rgba(0,0,0,0.3);\"><img decoding=\"async\" width=\"300\" height=\"200\" title=\"7E2A8968\" src=\"https:\/\/kuldan.ee\/wp-content\/uploads\/2021\/12\/7E2A8968-300x200.jpg\" alt class=\"img-responsive wp-image-27171\" srcset=\"https:\/\/kuldan.ee\/wp-content\/uploads\/2021\/12\/7E2A8968-200x133.jpg 200w, https:\/\/kuldan.ee\/wp-content\/uploads\/2021\/12\/7E2A8968-400x267.jpg 400w, https:\/\/kuldan.ee\/wp-content\/uploads\/2021\/12\/7E2A8968-600x400.jpg 600w, https:\/\/kuldan.ee\/wp-content\/uploads\/2021\/12\/7E2A8968-800x533.jpg 800w, https:\/\/kuldan.ee\/wp-content\/uploads\/2021\/12\/7E2A8968-1200x800.jpg 1200w\" sizes=\"(max-width: 800px) 100vw, 600px\" \/><\/span><\/div><\/div><div class=\"fusion-sep-clear\"><\/div><div class=\"fusion-separator fusion-full-width-sep\" style=\"margin-left: auto;margin-right: auto;margin-top:10px;margin-bottom:10px;width:100%;\"><div class=\"fusion-separator-border sep-double\" style=\"--awb-height:20px;--awb-amount:20px;border-color:rgba(255,252,252,0);border-top-width:0px;border-bottom-width:0px;\"><\/div><\/div><div class=\"fusion-sep-clear\"><\/div><div class=\"fusion-text fusion-text-3\"><p style=\"text-align: center;\"><strong>Kuldan \u00dclemiste Keskus<\/strong><br \/>\nEsmasp\u00e4ev &#8211; P\u00fchap\u00e4ev 09:00-21:00<br \/>\nSuur S\u00f5jam\u00e4e 4, Tallinn<br \/>\n+372 555 129 40<br \/>\ninfo@kuldan.ee<\/p>\n<\/div><div class=\"fusion-clearfix\"><\/div><\/div><\/div><\/div><\/div><div class=\"fusion-fullwidth fullwidth-box fusion-builder-row-2 nonhundred-percent-fullwidth non-hundred-percent-height-scrolling fusion-equal-height-columns\" style=\"--awb-border-radius-top-left:0px;--awb-border-radius-top-right:0px;--awb-border-radius-bottom-right:0px;--awb-border-radius-bottom-left:0px;--awb-flex-wrap:wrap;\" ><div class=\"fusion-builder-row fusion-row\"><div class=\"fusion-layout-column fusion_builder_column fusion-builder-column-3 fusion_builder_column_2_5 2_5 fusion-two-fifth fusion-column-first\" style=\"--awb-bg-size:cover;width:40%;width:calc(40% - ( ( 4% ) * 0.4 ) );margin-right: 4%;\"><div class=\"fusion-column-wrapper fusion-column-has-shadow fusion-flex-column-wrapper-legacy\"><div class=\"fusion-column-content-centered\"><div class=\"fusion-column-content\"><div class=\"fusion-content-boxes content-boxes columns row fusion-columns-1 fusion-columns-total-1 fusion-content-boxes-1 content-boxes-clean-vertical content-left content-boxes-icon-on-top\" style=\"--awb-hover-accent-color:#333333;--awb-circle-hover-accent-color:transparent;--awb-item-margin-bottom:40px;\" data-animationOffset=\"top-into-view\"><div style=\"--awb-backgroundcolor:rgba(255,255,255,0);border-color:rgba(255,255,255,0);\" class=\"fusion-column content-box-column content-box-column content-box-column-1 col-lg-12 col-md-12 col-sm-12 fusion-content-box-hover content-box-column-last content-box-column-last-in-row\"><div class=\"col content-box-wrapper content-wrapper link-area-box link-type-text icon-hover-animation-none\" data-link=\"mailto:info@kuldan.ee\" data-link-target=\"_self\" data-animationOffset=\"top-into-view\"><div class=\"heading heading-with-icon icon-left\"><a class=\"heading-link\" href=\"mailto:info@kuldan.ee\" target=\"_self\"><div class=\"icon\"><i style=\"background-color:transparent;border-color:transparent;height:auto;width: 25px;line-height:normal;font-size:25px;\" aria-hidden=\"true\" class=\"fontawesome-icon fa-envelope far circle-no\"><\/i><\/div><h2 class=\"content-box-heading\" style=\"--h2_typography-font-size:18px;line-height:23px;\">Saada meile kiri<\/h2><\/a><\/div><div class=\"fusion-clearfix\"><\/div><div class=\"content-container\">\n<p>info@kuldan.ee<\/p>\n<\/div><\/div><\/div><div class=\"fusion-clearfix\"><\/div><\/div><\/div><\/div><div class=\"fusion-clearfix\"><\/div><\/div><\/div><div class=\"fusion-layout-column fusion_builder_column fusion-builder-column-4 fusion_builder_column_3_5 3_5 fusion-three-fifth fusion-column-last\" style=\"--awb-bg-size:cover;width:60%;width:calc(60% - ( ( 4% ) * 0.6 ) );\"><div class=\"fusion-column-wrapper fusion-flex-column-wrapper-legacy\"><style id=\"wpforms-css-vars-29432\">\n\t\t\t\t#wpforms-29432 {\n\t\t\t\t\n\t\t\t}\n\t\t\t<\/style><div class=\"wpforms-container wpforms-container-full wpforms-render-modern\" id=\"wpforms-29432\"><form id=\"wpforms-form-29432\" class=\"wpforms-validate wpforms-form wpforms-ajax-form\" data-formid=\"29432\" method=\"post\" enctype=\"multipart\/form-data\" action=\"\/ru\/wp-json\/wp\/v2\/pages\/20881\" data-token=\"2c93ac992b1b7507c31238431e9b1634\" data-token-time=\"1776766977\"><noscript class=\"wpforms-error-noscript\">\u0414\u043b\u044f \u0437\u0430\u043f\u043e\u043b\u043d\u0435\u043d\u0438\u044f \u0434\u0430\u043d\u043d\u043e\u0439 \u0444\u043e\u0440\u043c\u044b \u0432\u043a\u043b\u044e\u0447\u0438\u0442\u0435 JavaScript \u0432 \u0431\u0440\u0430\u0443\u0437\u0435\u0440\u0435.<\/noscript><div id=\"wpforms-error-noscript\" style=\"display: none;\">\u0414\u043b\u044f \u0437\u0430\u043f\u043e\u043b\u043d\u0435\u043d\u0438\u044f \u0434\u0430\u043d\u043d\u043e\u0439 \u0444\u043e\u0440\u043c\u044b \u0432\u043a\u043b\u044e\u0447\u0438\u0442\u0435 JavaScript \u0432 \u0431\u0440\u0430\u0443\u0437\u0435\u0440\u0435.<\/div><div class=\"wpforms-field-container\"><div id=\"wpforms-29432-field_0-container\" class=\"wpforms-field wpforms-field-name\" data-field-id=\"0\"><fieldset><legend class=\"wpforms-field-label\">Name <span class=\"wpforms-required-label\" aria-hidden=\"true\">*<\/span><\/legend><div class=\"wpforms-field-row wpforms-field-medium\"><div class=\"wpforms-field-row-block wpforms-first wpforms-one-half\"><input type=\"text\" id=\"wpforms-29432-field_0\" class=\"wpforms-field-name-first wpforms-field-required\" name=\"wpforms[fields][0][first]\" aria-errormessage=\"wpforms-29432-field_0-error\" required><label for=\"wpforms-29432-field_0\" class=\"wpforms-field-sublabel after\">\u0418\u043c\u044f<\/label><\/div><div class=\"wpforms-field-row-block wpforms-one-half\"><input type=\"text\" id=\"wpforms-29432-field_0-last\" class=\"wpforms-field-name-last wpforms-field-required\" name=\"wpforms[fields][0][last]\" aria-errormessage=\"wpforms-29432-field_0-last-error\" required><label for=\"wpforms-29432-field_0-last\" class=\"wpforms-field-sublabel after\">\u0424\u0430\u043c\u0438\u043b\u0438\u044f<\/label><\/div><\/div><\/fieldset><\/div><div id=\"wpforms-29432-field_1-container\" class=\"wpforms-field wpforms-field-email\" data-field-id=\"1\"><label class=\"wpforms-field-label\" for=\"wpforms-29432-field_1\">Email <span class=\"wpforms-required-label\" aria-hidden=\"true\">*<\/span><\/label><input type=\"email\" id=\"wpforms-29432-field_1\" class=\"wpforms-field-medium wpforms-field-required\" name=\"wpforms[fields][1]\" spellcheck=\"false\" aria-errormessage=\"wpforms-29432-field_1-error\" required><\/div><div id=\"wpforms-29432-field_2-container\" class=\"wpforms-field wpforms-field-textarea\" data-field-id=\"2\"><label class=\"wpforms-field-label\" for=\"wpforms-29432-field_2\">Comment or Message<\/label><textarea id=\"wpforms-29432-field_2\" class=\"wpforms-field-medium\" name=\"wpforms[fields][2]\" aria-errormessage=\"wpforms-29432-field_2-error\" ><\/textarea><\/div><\/div><!-- .wpforms-field-container --><div class=\"wpforms-submit-container\" ><input type=\"hidden\" name=\"wpforms[id]\" value=\"29432\"><input type=\"hidden\" name=\"page_title\" value=\"\"><input type=\"hidden\" name=\"page_url\" value=\"https:\/\/kuldan.ee\/ru\/wp-json\/wp\/v2\/pages\/20881\"><input type=\"hidden\" name=\"url_referer\" value=\"\"><button type=\"submit\" name=\"wpforms[submit]\" id=\"wpforms-submit-29432\" class=\"wpforms-submit\" data-alt-text=\"Sending...\" data-submit-text=\"Submit\" aria-live=\"assertive\" value=\"wpforms-submit\">Submit<\/button><img decoding=\"async\" src=\"https:\/\/kuldan.ee\/wp-content\/plugins\/wpforms-lite\/assets\/images\/submit-spin.svg\" class=\"wpforms-submit-spinner\" style=\"display: none;\" width=\"26\" height=\"26\" alt=\"\u0417\u0430\u0433\u0440\u0443\u0437\u043a\u0430\"><\/div><\/form><\/div>  <!-- .wpforms-container --><div class=\"fusion-clearfix\"><\/div><\/div><\/div><\/div><\/div><\/p>\n","protected":false},"excerpt":{"rendered":"","protected":false},"author":6,"featured_media":0,"parent":0,"menu_order":0,"comment_status":"closed","ping_status":"closed","template":"","meta":{"footnotes":""},"class_list":["post-20881","page","type-page","status-publish","hentry"],"yoast_head":"<!-- This site is optimized with the Yoast SEO plugin v27.4 - https:\/\/yoast.com\/product\/yoast-seo-wordpress\/ -->\n<title>Kontakt - Kuldan<\/title>\n<meta name=\"robots\" content=\"index, follow, max-snippet:-1, max-image-preview:large, max-video-preview:-1\" \/>\n<link rel=\"canonical\" href=\"https:\/\/kuldan.ee\/ru\/kontakt\/\" \/>\n<meta property=\"og:locale\" content=\"ru_RU\" \/>\n<meta property=\"og:type\" content=\"article\" \/>\n<meta property=\"og:title\" content=\"Kontakt - Kuldan\" \/>\n<meta property=\"og:url\" content=\"https:\/\/kuldan.ee\/ru\/kontakt\/\" \/>\n<meta property=\"og:site_name\" content=\"Kuldan\" \/>\n<meta property=\"article:publisher\" content=\"https:\/\/www.facebook.com\/kuldanluxury\" \/>\n<meta property=\"article:modified_time\" content=\"2024-03-05T17:25:14+00:00\" \/>\n<meta property=\"og:image\" content=\"https:\/\/kuldan.ee\/wp-content\/uploads\/2023\/09\/KULDAN_WP-1.jpg\" \/>\n\t<meta property=\"og:image:width\" content=\"1200\" \/>\n\t<meta property=\"og:image:height\" content=\"675\" \/>\n\t<meta property=\"og:image:type\" content=\"image\/jpeg\" \/>\n<meta name=\"twitter:card\" content=\"summary_large_image\" \/>\n<meta name=\"twitter:label1\" content=\"\u041f\u0440\u0438\u043c\u0435\u0440\u043d\u043e\u0435 \u0432\u0440\u0435\u043c\u044f \u0434\u043b\u044f \u0447\u0442\u0435\u043d\u0438\u044f\" \/>\n\t<meta name=\"twitter:data1\" content=\"1 \u043c\u0438\u043d\u0443\u0442\u0430\" \/>\n<script type=\"application\/ld+json\" class=\"yoast-schema-graph\">{\"@context\":\"https:\\\/\\\/schema.org\",\"@graph\":[{\"@type\":\"WebPage\",\"@id\":\"https:\\\/\\\/kuldan.ee\\\/kontakt\\\/\",\"url\":\"https:\\\/\\\/kuldan.ee\\\/kontakt\\\/\",\"name\":\"Kontakt - Kuldan\",\"isPartOf\":{\"@id\":\"https:\\\/\\\/kuldan.ee\\\/#website\"},\"datePublished\":\"2020-09-10T09:46:47+00:00\",\"dateModified\":\"2024-03-05T17:25:14+00:00\",\"breadcrumb\":{\"@id\":\"https:\\\/\\\/kuldan.ee\\\/kontakt\\\/#breadcrumb\"},\"inLanguage\":\"ru-RU\",\"potentialAction\":[{\"@type\":\"ReadAction\",\"target\":[\"https:\\\/\\\/kuldan.ee\\\/kontakt\\\/\"]}]},{\"@type\":\"BreadcrumbList\",\"@id\":\"https:\\\/\\\/kuldan.ee\\\/kontakt\\\/#breadcrumb\",\"itemListElement\":[{\"@type\":\"ListItem\",\"position\":1,\"name\":\"Home\",\"item\":\"https:\\\/\\\/kuldan.ee\\\/\"},{\"@type\":\"ListItem\",\"position\":2,\"name\":\"Kontakt\"}]},{\"@type\":\"WebSite\",\"@id\":\"https:\\\/\\\/kuldan.ee\\\/#website\",\"url\":\"https:\\\/\\\/kuldan.ee\\\/\",\"name\":\"Kuldan\",\"description\":\"Parimad teemantid parimate hindadega\",\"publisher\":{\"@id\":\"https:\\\/\\\/kuldan.ee\\\/#organization\"},\"potentialAction\":[{\"@type\":\"SearchAction\",\"target\":{\"@type\":\"EntryPoint\",\"urlTemplate\":\"https:\\\/\\\/kuldan.ee\\\/?s={search_term_string}\"},\"query-input\":{\"@type\":\"PropertyValueSpecification\",\"valueRequired\":true,\"valueName\":\"search_term_string\"}}],\"inLanguage\":\"ru-RU\"},{\"@type\":\"Organization\",\"@id\":\"https:\\\/\\\/kuldan.ee\\\/#organization\",\"name\":\"Kuldan\",\"url\":\"https:\\\/\\\/kuldan.ee\\\/\",\"logo\":{\"@type\":\"ImageObject\",\"inLanguage\":\"ru-RU\",\"@id\":\"https:\\\/\\\/kuldan.ee\\\/#\\\/schema\\\/logo\\\/image\\\/\",\"url\":\"https:\\\/\\\/kuldan.ee\\\/wp-content\\\/uploads\\\/2023\\\/09\\\/kuldan_logo.png\",\"contentUrl\":\"https:\\\/\\\/kuldan.ee\\\/wp-content\\\/uploads\\\/2023\\\/09\\\/kuldan_logo.png\",\"width\":842,\"height\":595,\"caption\":\"Kuldan\"},\"image\":{\"@id\":\"https:\\\/\\\/kuldan.ee\\\/#\\\/schema\\\/logo\\\/image\\\/\"},\"sameAs\":[\"https:\\\/\\\/www.facebook.com\\\/kuldanluxury\",\"https:\\\/\\\/www.instagram.com\\\/kuldan_jewelry\\\/\"]}]}<\/script>\n<!-- \/ Yoast SEO plugin. -->","yoast_head_json":{"title":"Kontakt - Kuldan","robots":{"index":"index","follow":"follow","max-snippet":"max-snippet:-1","max-image-preview":"max-image-preview:large","max-video-preview":"max-video-preview:-1"},"canonical":"https:\/\/kuldan.ee\/ru\/kontakt\/","og_locale":"ru_RU","og_type":"article","og_title":"Kontakt - Kuldan","og_url":"https:\/\/kuldan.ee\/ru\/kontakt\/","og_site_name":"Kuldan","article_publisher":"https:\/\/www.facebook.com\/kuldanluxury","article_modified_time":"2024-03-05T17:25:14+00:00","og_image":[{"width":1200,"height":675,"url":"https:\/\/kuldan.ee\/wp-content\/uploads\/2023\/09\/KULDAN_WP-1.jpg","type":"image\/jpeg"}],"twitter_card":"summary_large_image","twitter_misc":{"\u041f\u0440\u0438\u043c\u0435\u0440\u043d\u043e\u0435 \u0432\u0440\u0435\u043c\u044f \u0434\u043b\u044f \u0447\u0442\u0435\u043d\u0438\u044f":"1 \u043c\u0438\u043d\u0443\u0442\u0430"},"schema":{"@context":"https:\/\/schema.org","@graph":[{"@type":"WebPage","@id":"https:\/\/kuldan.ee\/kontakt\/","url":"https:\/\/kuldan.ee\/kontakt\/","name":"Kontakt - Kuldan","isPartOf":{"@id":"https:\/\/kuldan.ee\/#website"},"datePublished":"2020-09-10T09:46:47+00:00","dateModified":"2024-03-05T17:25:14+00:00","breadcrumb":{"@id":"https:\/\/kuldan.ee\/kontakt\/#breadcrumb"},"inLanguage":"ru-RU","potentialAction":[{"@type":"ReadAction","target":["https:\/\/kuldan.ee\/kontakt\/"]}]},{"@type":"BreadcrumbList","@id":"https:\/\/kuldan.ee\/kontakt\/#breadcrumb","itemListElement":[{"@type":"ListItem","position":1,"name":"Home","item":"https:\/\/kuldan.ee\/"},{"@type":"ListItem","position":2,"name":"Kontakt"}]},{"@type":"WebSite","@id":"https:\/\/kuldan.ee\/#website","url":"https:\/\/kuldan.ee\/","name":"Kuldan","description":"Parimad teemantid parimate hindadega","publisher":{"@id":"https:\/\/kuldan.ee\/#organization"},"potentialAction":[{"@type":"SearchAction","target":{"@type":"EntryPoint","urlTemplate":"https:\/\/kuldan.ee\/?s={search_term_string}"},"query-input":{"@type":"PropertyValueSpecification","valueRequired":true,"valueName":"search_term_string"}}],"inLanguage":"ru-RU"},{"@type":"Organization","@id":"https:\/\/kuldan.ee\/#organization","name":"Kuldan","url":"https:\/\/kuldan.ee\/","logo":{"@type":"ImageObject","inLanguage":"ru-RU","@id":"https:\/\/kuldan.ee\/#\/schema\/logo\/image\/","url":"https:\/\/kuldan.ee\/wp-content\/uploads\/2023\/09\/kuldan_logo.png","contentUrl":"https:\/\/kuldan.ee\/wp-content\/uploads\/2023\/09\/kuldan_logo.png","width":842,"height":595,"caption":"Kuldan"},"image":{"@id":"https:\/\/kuldan.ee\/#\/schema\/logo\/image\/"},"sameAs":["https:\/\/www.facebook.com\/kuldanluxury","https:\/\/www.instagram.com\/kuldan_jewelry\/"]}]}},"_links":{"self":[{"href":"https:\/\/kuldan.ee\/ru\/wp-json\/wp\/v2\/pages\/20881","targetHints":{"allow":["GET"]}}],"collection":[{"href":"https:\/\/kuldan.ee\/ru\/wp-json\/wp\/v2\/pages"}],"about":[{"href":"https:\/\/kuldan.ee\/ru\/wp-json\/wp\/v2\/types\/page"}],"author":[{"embeddable":true,"href":"https:\/\/kuldan.ee\/ru\/wp-json\/wp\/v2\/users\/6"}],"replies":[{"embeddable":true,"href":"https:\/\/kuldan.ee\/ru\/wp-json\/wp\/v2\/comments?post=20881"}],"version-history":[{"count":10,"href":"https:\/\/kuldan.ee\/ru\/wp-json\/wp\/v2\/pages\/20881\/revisions"}],"predecessor-version":[{"id":29434,"href":"https:\/\/kuldan.ee\/ru\/wp-json\/wp\/v2\/pages\/20881\/revisions\/29434"}],"wp:attachment":[{"href":"https:\/\/kuldan.ee\/ru\/wp-json\/wp\/v2\/media?parent=20881"}],"curies":[{"name":"wp","href":"https:\/\/api.w.org\/{rel}","templated":true}]}}