{"id":20415,"date":"2018-10-03T08:53:25","date_gmt":"2018-10-03T05:53:25","guid":{"rendered":"https:\/\/monreve.veebispetsid.com\/tingimused\/"},"modified":"2020-08-03T14:47:09","modified_gmt":"2020-08-03T11:47:09","slug":"terms-of-sale","status":"publish","type":"page","link":"https:\/\/kuldan.ee\/ru\/terms-of-sale\/","title":{"rendered":"Terms of Sale"},"content":{"rendered":"<div class=\"fusion-fullwidth fullwidth-box fusion-builder-row-1 nonhundred-percent-fullwidth non-hundred-percent-height-scrolling\" style=\"--awb-border-radius-top-left:0px;--awb-border-radius-top-right:0px;--awb-border-radius-bottom-right:0px;--awb-border-radius-bottom-left:0px;--awb-flex-wrap:wrap;\" ><div class=\"fusion-builder-row fusion-row\"><div class=\"fusion-layout-column fusion_builder_column fusion-builder-column-0 fusion_builder_column_1_1 1_1 fusion-one-full fusion-column-first fusion-column-last\" style=\"--awb-bg-size:cover;\"><div class=\"fusion-column-wrapper fusion-flex-column-wrapper-legacy\"><div class=\"fusion-title title fusion-title-1 fusion-sep-none fusion-title-text fusion-title-size-one\" style=\"--awb-margin-top-small:0px;--awb-margin-right-small:0px;--awb-margin-bottom-small:20px;--awb-margin-left-small:0px;\"><h1 class=\"fusion-title-heading title-heading-left\" style=\"margin:0;\">Terms of Sale<\/h1><\/div><div class=\"fusion-content-boxes content-boxes columns row fusion-columns-1 fusion-columns-total-1 fusion-content-boxes-1 content-boxes-icon-with-title content-left\" style=\"--awb-hover-accent-color:#333333;--awb-circle-hover-accent-color:transparent;--awb-item-margin-bottom:40px;\" data-animationoffset=\"top-into-view\"><div style=\"--awb-backgroundcolor:rgba(255,255,255,0);\" class=\"fusion-column content-box-column content-box-column content-box-column-1 col-lg-12 col-md-12 col-sm-12 fusion-content-box-hover content-box-column-last content-box-column-last-in-row\"><div class=\"col content-box-wrapper content-wrapper link-area-box icon-hover-animation-none\" data-animationoffset=\"top-into-view\"><div class=\"fusion-clearfix\"><\/div><div class=\"content-container\">\n<p>Monr\u00eave provides services to you subject to the Terms and Conditions included in this Terms and Conditions and other customer service pages which we have prepared to help make your shopping experience with Monr\u00eave as enjoyable and frictionless as possible. Please read them thoroughly. By visiting or using this web site, you acknowledge that you have read and understood, and agree to be bound by, these Terms and Conditions. You also agree to comply with all applicable laws and regulations. If you do not agree to these terms, please do not use our web site.<\/p>\n<p>Ownership and Copyright<\/p>\n<p>This monreve-diamonds.com web site is owned and operated by Kuldan Trading Ltd. Unless otherwise noted, all design and content included on this web site, including text, graphics, logos, icons, images, artwork, audio and video clips and software is the property of Monr\u00eave (or is used under license to Monr\u00eave) and is protected by the international copyright laws.<\/p>\n<p>Trademarks<\/p>\n<p>All graphics, logos, headers, icons, scripts and service names are also trademarks or trade dress of Monr\u00eave. Monr\u00eave \u2018s trademarks, service marks and trade dress may not be used in connection with any product or service that is not Monr\u00eave, in any manner that is likely to cause confusion of customers or potential customers, or in any manner that harms or discredits Monr\u00eave. All other trademarks related to the products sold on this web site are the sole property of their respective owners.<\/p>\n<p>Nothing on this web site should be construed as any license or right to use any trademarks or service marks displayed on the web site without the express written permission of Monr\u00eave or the trademark or service mark owner. Neither the names \u201cmonreve-diamonds.com\u201d or \u201d Monr\u00eave \u201d nor Monr\u00eave \u2018s logos may be used for any purpose without Monr\u00eave \u2018s prior written consent. Monr\u00eave \u2018s logos may not be used as a \u201chot\u201d link to any other web site without Monr\u00eave \u2018s prior written consent.<\/p>\n<p>Use of Web Site<\/p>\n<p>Monr\u00eave \u2018s web site and content are intended solely for personal and non-commercial use by visitors and on-line shoppers. Any use of the Monr\u00eave web site or its content other than for personal and non-commercial purposes is prohibited. You agree not to reproduce, publish, transmit, distribute, modify, create derivative works from, or commercially exploit in any way any of the content of the Monr\u00eave web site. However, you may download, electronically copy and print any of the content of a James Allen web site for your personal, non-commercial use only. This is a revocable license, not a transfer of title, and is subject to the restrictions that you may not:(a) modify the content or use it for any commercial purpose, or any public display, performance, sale or rental, (b) decompile, reverse engineer, or disassemble the content, or (c) remove any copyright, trademark registration, or other proprietary notices from the content. You further agree not to access or use the Monr\u00eave web site in any manner that may be harmful to the operation of the web site or its content.<\/p>\n<p>Your Account<\/p>\n<p>If you access or use the Monr\u00eave web site, you are responsible for maintaining the confidentiality of your account and for restricting access to your computer. You agree to be responsible for all activities that occur under your account or password. If you are under 18 years old, you may use the website under parental or guardian supervision. Monr\u00eave reserves the right to refuse service, terminate accounts, remove or edit content or cancel orders in its sole discretion.<\/p>\n<p>Product Descriptions<\/p>\n<p>Monr\u00eave makes all reasonable efforts to display the products listed for sale on its web site as accurately and understandably as possible. However, the colours we use, as well as the display and colour capabilities of your computer monitor, will affect the colours that you actually see on your screen. Monr\u00eave cannot guarantee that your monitor\u2019s display of any product colour, texture or detail will be entirely accurate to the actual product. In addition, Monr\u00eave does not warrant those product descriptions or other content are accurate, complete, reliable current or error-free. While Monr\u00eave makes every effort to ensure that our products are described and priced accurately, in the event that an item is deemed to be priced incorrectly, Monr\u00eave reserves the right to refuse sale that item. If the pricing error is discovered after payment has been finalized, Monr\u00eave reserves the right to cancel the sale and refund the transaction in full. If a product offered by Monr\u00eave has arrived no not as described on the website, your sole remedy is to return it in unused condition.<\/p>\n<p>Disclaimer of Warranties and Limitation of Liability<\/p>\n<p>THE MATERIALS AND INFORMATION PROVIDED BY Monr\u00eave ON ITS WEBSITE ARE PROVIDED ON AN \u201cAS IS\u201d AND \u201cAS AVAILABLE\u201d BASIS. Monr\u00eave MAKES NO REPRESENTATIONS OR WARRANTIES OF ANY KIND, EXPRESS OR IMPLIED, AS TO THE OPERATION OF ITS WEB SITE OR THE INFORMATION, CONTENT, MATERIALS OR PRODUCTS INCLUDED ON ITS WEB SITE. YOU AGREE THAT YOUR ACCESS TO, AND USE OF THE Monr\u00eave WEB SITE IS AT YOUR OWN RISK.<\/p>\n<p>TO THE FULLEST EXTENT PERMISSIBLE BY APPLICABLE LAW, Monr\u00eave DISCLAIMS ALL WARRANTIES, EXPRESS OR IMPLIED, INCLUDING, WITHOUT LIMITATION, IMPLIED WARRANTIES OF MERCHANTABILITY AND FITNESS FOR A PARTICULAR PURPOSE. Monr\u00eave DOES NOT WARRANT THAT ITS WEBSITE, ITS SERVERS, OR EMAIL SENT FROM Monr\u00eave ARE FREE OF VIRUSES OR OTHER HARMFUL COMPONENTS. Monr\u00eave WILL NOT BE LIABLE FOR ANY DAMAGES OF ANY KIND ARISING FROM USE OF THIS SITE, INCLUDING, WITHOUT LIMITATION, INDIRECT, INCIDENTAL, PUNITIVE OR CONSEQUENTIAL DAMAGES.<\/p>\n<p>This disclaimer of liability applies to any damages or injury caused by any failure or performance, error, omission, interruption, deletion, defect, delay in operation or transmission, computer virus, an act of God, communication line failure, theft or destruction or unauthorized access to, alteration of, or use of record, whether for breach of contract, tortuous behaviour, negligence, or under any other cause of action. You also specifically acknowledge that Monr\u00eave is not liable for your defamatory, offensive, infringing or illegal materials or conduct or that of third parties.<\/p>\n<p>You agree to defend, indemnify, and hold harmless Monr\u00eave and its officers, directors, stockholders, affiliates, employees and agents from and against any claims, actions, or demands, including without limitation reasonable legal and accounting fees, arising from your use of the Monr\u00eave web site or your breach of these Terms and Conditions.<\/p>\n<p>Dispute Resolution<\/p>\n<p>Any dispute arising with respect to this Agreement shall be resolved by negotiation between the parties or, if necessary, by resort to an appropriate court.<\/p>\n<p>Modification<\/p>\n<p>Monr\u00eave reserves the right, in its sole discretion, to change, modify, add, or remove portions of these Terms and Conditions at any time. Please check this page periodically for changes. You agree that each time you visit any James Allen web site, your visit to and use of such web site will be subject to and bound by the then current version of these Terms of Use.<\/p>\n<p>Date of Last Update of these Terms and Conditions: July 23, 2020.<\/p>\n<p>Once again, we thank you for your interest in Monr\u00eave. We hope that your experience is enjoyable.<\/p>\n<\/div><\/div><\/div><div class=\"fusion-clearfix\"><\/div><\/div><div class=\"fusion-clearfix\"><\/div><\/div><\/div><\/div><\/div>","protected":false},"excerpt":{"rendered":"","protected":false},"author":6,"featured_media":0,"parent":0,"menu_order":0,"comment_status":"closed","ping_status":"closed","template":"","meta":{"footnotes":""},"class_list":["post-20415","page","type-page","status-publish","hentry"],"yoast_head":"<!-- This site is optimized with the Yoast SEO plugin v27.4 - https:\/\/yoast.com\/product\/yoast-seo-wordpress\/ -->\n<title>Terms of Sale - Kuldan<\/title>\n<meta name=\"robots\" content=\"index, follow, max-snippet:-1, max-image-preview:large, max-video-preview:-1\" \/>\n<link rel=\"canonical\" href=\"https:\/\/kuldan.ee\/ru\/terms-of-sale\/\" \/>\n<meta property=\"og:locale\" content=\"ru_RU\" \/>\n<meta property=\"og:type\" content=\"article\" \/>\n<meta property=\"og:title\" content=\"Terms of Sale - Kuldan\" \/>\n<meta property=\"og:url\" content=\"https:\/\/kuldan.ee\/ru\/terms-of-sale\/\" \/>\n<meta property=\"og:site_name\" content=\"Kuldan\" \/>\n<meta property=\"article:publisher\" content=\"https:\/\/www.facebook.com\/kuldanluxury\" \/>\n<meta property=\"article:modified_time\" content=\"2020-08-03T11:47:09+00:00\" \/>\n<meta property=\"og:image\" content=\"https:\/\/kuldan.ee\/wp-content\/uploads\/2023\/09\/KULDAN_WP-1.jpg\" \/>\n\t<meta property=\"og:image:width\" content=\"1200\" \/>\n\t<meta property=\"og:image:height\" content=\"675\" \/>\n\t<meta property=\"og:image:type\" content=\"image\/jpeg\" \/>\n<meta name=\"twitter:card\" content=\"summary_large_image\" \/>\n<meta name=\"twitter:label1\" content=\"\u041f\u0440\u0438\u043c\u0435\u0440\u043d\u043e\u0435 \u0432\u0440\u0435\u043c\u044f \u0434\u043b\u044f \u0447\u0442\u0435\u043d\u0438\u044f\" \/>\n\t<meta name=\"twitter:data1\" content=\"8 \u043c\u0438\u043d\u0443\u0442\" \/>\n<script type=\"application\/ld+json\" class=\"yoast-schema-graph\">{\"@context\":\"https:\\\/\\\/schema.org\",\"@graph\":[{\"@type\":\"WebPage\",\"@id\":\"https:\\\/\\\/kuldan.ee\\\/terms-of-sale\\\/\",\"url\":\"https:\\\/\\\/kuldan.ee\\\/terms-of-sale\\\/\",\"name\":\"Terms of Sale - Kuldan\",\"isPartOf\":{\"@id\":\"https:\\\/\\\/kuldan.ee\\\/#website\"},\"datePublished\":\"2018-10-03T05:53:25+00:00\",\"dateModified\":\"2020-08-03T11:47:09+00:00\",\"breadcrumb\":{\"@id\":\"https:\\\/\\\/kuldan.ee\\\/terms-of-sale\\\/#breadcrumb\"},\"inLanguage\":\"ru-RU\",\"potentialAction\":[{\"@type\":\"ReadAction\",\"target\":[\"https:\\\/\\\/kuldan.ee\\\/terms-of-sale\\\/\"]}]},{\"@type\":\"BreadcrumbList\",\"@id\":\"https:\\\/\\\/kuldan.ee\\\/terms-of-sale\\\/#breadcrumb\",\"itemListElement\":[{\"@type\":\"ListItem\",\"position\":1,\"name\":\"Home\",\"item\":\"https:\\\/\\\/kuldan.ee\\\/\"},{\"@type\":\"ListItem\",\"position\":2,\"name\":\"Terms of Sale\"}]},{\"@type\":\"WebSite\",\"@id\":\"https:\\\/\\\/kuldan.ee\\\/#website\",\"url\":\"https:\\\/\\\/kuldan.ee\\\/\",\"name\":\"Kuldan\",\"description\":\"Parimad teemantid parimate hindadega\",\"publisher\":{\"@id\":\"https:\\\/\\\/kuldan.ee\\\/#organization\"},\"potentialAction\":[{\"@type\":\"SearchAction\",\"target\":{\"@type\":\"EntryPoint\",\"urlTemplate\":\"https:\\\/\\\/kuldan.ee\\\/?s={search_term_string}\"},\"query-input\":{\"@type\":\"PropertyValueSpecification\",\"valueRequired\":true,\"valueName\":\"search_term_string\"}}],\"inLanguage\":\"ru-RU\"},{\"@type\":\"Organization\",\"@id\":\"https:\\\/\\\/kuldan.ee\\\/#organization\",\"name\":\"Kuldan\",\"url\":\"https:\\\/\\\/kuldan.ee\\\/\",\"logo\":{\"@type\":\"ImageObject\",\"inLanguage\":\"ru-RU\",\"@id\":\"https:\\\/\\\/kuldan.ee\\\/#\\\/schema\\\/logo\\\/image\\\/\",\"url\":\"https:\\\/\\\/kuldan.ee\\\/wp-content\\\/uploads\\\/2023\\\/09\\\/kuldan_logo.png\",\"contentUrl\":\"https:\\\/\\\/kuldan.ee\\\/wp-content\\\/uploads\\\/2023\\\/09\\\/kuldan_logo.png\",\"width\":842,\"height\":595,\"caption\":\"Kuldan\"},\"image\":{\"@id\":\"https:\\\/\\\/kuldan.ee\\\/#\\\/schema\\\/logo\\\/image\\\/\"},\"sameAs\":[\"https:\\\/\\\/www.facebook.com\\\/kuldanluxury\",\"https:\\\/\\\/www.instagram.com\\\/kuldan_jewelry\\\/\"]}]}<\/script>\n<!-- \/ Yoast SEO plugin. -->","yoast_head_json":{"title":"Terms of Sale - Kuldan","robots":{"index":"index","follow":"follow","max-snippet":"max-snippet:-1","max-image-preview":"max-image-preview:large","max-video-preview":"max-video-preview:-1"},"canonical":"https:\/\/kuldan.ee\/ru\/terms-of-sale\/","og_locale":"ru_RU","og_type":"article","og_title":"Terms of Sale - Kuldan","og_url":"https:\/\/kuldan.ee\/ru\/terms-of-sale\/","og_site_name":"Kuldan","article_publisher":"https:\/\/www.facebook.com\/kuldanluxury","article_modified_time":"2020-08-03T11:47:09+00:00","og_image":[{"width":1200,"height":675,"url":"https:\/\/kuldan.ee\/wp-content\/uploads\/2023\/09\/KULDAN_WP-1.jpg","type":"image\/jpeg"}],"twitter_card":"summary_large_image","twitter_misc":{"\u041f\u0440\u0438\u043c\u0435\u0440\u043d\u043e\u0435 \u0432\u0440\u0435\u043c\u044f \u0434\u043b\u044f \u0447\u0442\u0435\u043d\u0438\u044f":"8 \u043c\u0438\u043d\u0443\u0442"},"schema":{"@context":"https:\/\/schema.org","@graph":[{"@type":"WebPage","@id":"https:\/\/kuldan.ee\/terms-of-sale\/","url":"https:\/\/kuldan.ee\/terms-of-sale\/","name":"Terms of Sale - Kuldan","isPartOf":{"@id":"https:\/\/kuldan.ee\/#website"},"datePublished":"2018-10-03T05:53:25+00:00","dateModified":"2020-08-03T11:47:09+00:00","breadcrumb":{"@id":"https:\/\/kuldan.ee\/terms-of-sale\/#breadcrumb"},"inLanguage":"ru-RU","potentialAction":[{"@type":"ReadAction","target":["https:\/\/kuldan.ee\/terms-of-sale\/"]}]},{"@type":"BreadcrumbList","@id":"https:\/\/kuldan.ee\/terms-of-sale\/#breadcrumb","itemListElement":[{"@type":"ListItem","position":1,"name":"Home","item":"https:\/\/kuldan.ee\/"},{"@type":"ListItem","position":2,"name":"Terms of Sale"}]},{"@type":"WebSite","@id":"https:\/\/kuldan.ee\/#website","url":"https:\/\/kuldan.ee\/","name":"Kuldan","description":"Parimad teemantid parimate hindadega","publisher":{"@id":"https:\/\/kuldan.ee\/#organization"},"potentialAction":[{"@type":"SearchAction","target":{"@type":"EntryPoint","urlTemplate":"https:\/\/kuldan.ee\/?s={search_term_string}"},"query-input":{"@type":"PropertyValueSpecification","valueRequired":true,"valueName":"search_term_string"}}],"inLanguage":"ru-RU"},{"@type":"Organization","@id":"https:\/\/kuldan.ee\/#organization","name":"Kuldan","url":"https:\/\/kuldan.ee\/","logo":{"@type":"ImageObject","inLanguage":"ru-RU","@id":"https:\/\/kuldan.ee\/#\/schema\/logo\/image\/","url":"https:\/\/kuldan.ee\/wp-content\/uploads\/2023\/09\/kuldan_logo.png","contentUrl":"https:\/\/kuldan.ee\/wp-content\/uploads\/2023\/09\/kuldan_logo.png","width":842,"height":595,"caption":"Kuldan"},"image":{"@id":"https:\/\/kuldan.ee\/#\/schema\/logo\/image\/"},"sameAs":["https:\/\/www.facebook.com\/kuldanluxury","https:\/\/www.instagram.com\/kuldan_jewelry\/"]}]}},"_links":{"self":[{"href":"https:\/\/kuldan.ee\/ru\/wp-json\/wp\/v2\/pages\/20415","targetHints":{"allow":["GET"]}}],"collection":[{"href":"https:\/\/kuldan.ee\/ru\/wp-json\/wp\/v2\/pages"}],"about":[{"href":"https:\/\/kuldan.ee\/ru\/wp-json\/wp\/v2\/types\/page"}],"author":[{"embeddable":true,"href":"https:\/\/kuldan.ee\/ru\/wp-json\/wp\/v2\/users\/6"}],"replies":[{"embeddable":true,"href":"https:\/\/kuldan.ee\/ru\/wp-json\/wp\/v2\/comments?post=20415"}],"version-history":[{"count":13,"href":"https:\/\/kuldan.ee\/ru\/wp-json\/wp\/v2\/pages\/20415\/revisions"}],"predecessor-version":[{"id":20766,"href":"https:\/\/kuldan.ee\/ru\/wp-json\/wp\/v2\/pages\/20415\/revisions\/20766"}],"wp:attachment":[{"href":"https:\/\/kuldan.ee\/ru\/wp-json\/wp\/v2\/media?parent=20415"}],"curies":[{"name":"wp","href":"https:\/\/api.w.org\/{rel}","templated":true}]}}